{"id":1108,"date":"2025-09-09T10:38:24","date_gmt":"2025-09-09T10:38:24","guid":{"rendered":"https:\/\/www.folkehjaelp.dk\/cvm25\/?page_id=1108"},"modified":"2025-11-24T14:03:30","modified_gmt":"2025-11-24T14:03:30","slug":"afghanistan","status":"publish","type":"page","link":"https:\/\/www.folkehjaelp.dk\/en\/folkehjaelpen-i-verden\/afghanistan\/","title":{"rendered":"Afghanistan"},"content":{"rendered":"\t\t<div data-elementor-type=\"wp-page\" data-elementor-id=\"1108\" class=\"elementor elementor-1108\" data-elementor-post-type=\"page\">\n\t\t\t\t<div class=\"elementor-element elementor-element-ee1dcfa elementor-hidden-mobile e-flex e-con-boxed e-con e-parent\" data-id=\"ee1dcfa\" data-element_type=\"container\" data-e-type=\"container\" data-settings=\"{&quot;jet_parallax_layout_list&quot;:[]}\">\n\t\t\t\t\t<div class=\"e-con-inner\">\n\t\t<div class=\"elementor-element elementor-element-fb98dde e-con-full e-flex e-con e-child\" data-id=\"fb98dde\" data-element_type=\"container\" data-e-type=\"container\" data-settings=\"{&quot;jet_parallax_layout_list&quot;:[]}\">\n\t\t<div class=\"elementor-element elementor-element-882d088 e-con-full animated-fast e-flex e-con e-child\" data-id=\"882d088\" data-element_type=\"container\" data-e-type=\"container\" data-settings=\"{&quot;background_background&quot;:&quot;classic&quot;,&quot;jet_parallax_layout_list&quot;:[],&quot;animation&quot;:&quot;none&quot;}\">\n\t\t<div class=\"elementor-element elementor-element-d3678f4 e-con-full e-flex e-con e-child\" data-id=\"d3678f4\" data-element_type=\"container\" data-e-type=\"container\" data-settings=\"{&quot;jet_parallax_layout_list&quot;:[]}\">\n\t\t\t\t<div class=\"elementor-element elementor-element-43f9883 animated-slow elementor-invisible elementor-widget elementor-widget-heading\" data-id=\"43f9883\" data-element_type=\"widget\" data-e-type=\"widget\" data-settings=\"{&quot;_animation&quot;:&quot;fadeIn&quot;}\" data-widget_type=\"heading.default\">\n\t\t\t\t\t<h4 class=\"elementor-heading-title elementor-size-default\">Hj\u00e6lp til udsatte i Danmark og Verden<\/h4>\t\t\t\t<\/div>\n\t\t\t\t<div class=\"elementor-element elementor-element-be1eb45 animated-slow elementor-invisible elementor-widget elementor-widget-heading\" data-id=\"be1eb45\" data-element_type=\"widget\" data-e-type=\"widget\" data-settings=\"{&quot;_animation&quot;:&quot;fadeIn&quot;}\" data-widget_type=\"heading.default\">\n\t\t\t\t\t<h1 class=\"elementor-heading-title elementor-size-default\">Side om side med det <br> afghanske folk siden 1984 <\/h1>\t\t\t\t<\/div>\n\t\t\t\t<\/div>\n\t\t\t\t<\/div>\n\t\t\t\t<\/div>\n\t\t\t\t\t<\/div>\n\t\t\t\t<\/div>\n\t\t<div class=\"elementor-element elementor-element-d30d562 elementor-hidden-desktop elementor-hidden-tablet e-flex e-con-boxed e-con e-parent\" data-id=\"d30d562\" data-element_type=\"container\" data-e-type=\"container\" data-settings=\"{&quot;jet_parallax_layout_list&quot;:[],&quot;animation_mobile&quot;:&quot;fadeIn&quot;}\">\n\t\t\t\t\t<div class=\"e-con-inner\">\n\t\t<div class=\"elementor-element elementor-element-dd039f1 e-con-full e-flex e-con e-child\" data-id=\"dd039f1\" data-element_type=\"container\" data-e-type=\"container\" data-settings=\"{&quot;jet_parallax_layout_list&quot;:[]}\">\n\t\t<div class=\"elementor-element elementor-element-1787fa3 e-con-full animated-fast e-flex e-con e-child\" data-id=\"1787fa3\" data-element_type=\"container\" data-e-type=\"container\" data-settings=\"{&quot;background_background&quot;:&quot;classic&quot;,&quot;jet_parallax_layout_list&quot;:[],&quot;animation&quot;:&quot;none&quot;}\">\n\t\t<div class=\"elementor-element elementor-element-2b4d63c e-con-full e-flex e-con e-child\" data-id=\"2b4d63c\" data-element_type=\"container\" data-e-type=\"container\" data-settings=\"{&quot;jet_parallax_layout_list&quot;:[]}\">\n\t\t\t\t<div class=\"elementor-element elementor-element-e7b39bb animated-slow elementor-invisible elementor-widget elementor-widget-heading\" data-id=\"e7b39bb\" data-element_type=\"widget\" data-e-type=\"widget\" data-settings=\"{&quot;_animation&quot;:&quot;fadeIn&quot;}\" data-widget_type=\"heading.default\">\n\t\t\t\t\t<h4 class=\"elementor-heading-title elementor-size-default\">hj\u00e6lp til udsatte i <br> danmark og verden<\/h4>\t\t\t\t<\/div>\n\t\t\t\t<div class=\"elementor-element elementor-element-d0b11e3 elementor-widget elementor-widget-heading\" data-id=\"d0b11e3\" data-element_type=\"widget\" data-e-type=\"widget\" data-widget_type=\"heading.default\">\n\t\t\t\t\t<h2 class=\"elementor-heading-title elementor-size-default\">Side om side med det afghanske folk<\/h2>\t\t\t\t<\/div>\n\t\t\t\t<div class=\"elementor-element elementor-element-b99f2f1 elementor-mobile-align-center elementor-invisible elementor-widget elementor-widget-button\" data-id=\"b99f2f1\" data-element_type=\"widget\" data-e-type=\"widget\" data-settings=\"{&quot;_animation&quot;:&quot;fadeIn&quot;}\" data-widget_type=\"button.default\">\n\t\t\t\t\t\t\t\t\t\t<a class=\"elementor-button elementor-size-sm elementor-animation-grow\" role=\"button\">\n\t\t\t\t\t\t<span class=\"elementor-button-content-wrapper\">\n\t\t\t\t\t\t\t\t\t<span class=\"elementor-button-text\">giv din st\u00f8tte<\/span>\n\t\t\t\t\t<\/span>\n\t\t\t\t\t<\/a>\n\t\t\t\t\t\t\t\t<\/div>\n\t\t\t\t<\/div>\n\t\t\t\t<\/div>\n\t\t\t\t<\/div>\n\t\t\t\t\t<\/div>\n\t\t\t\t<\/div>\n\t\t<div class=\"elementor-element elementor-element-d1a34e2 e-flex e-con-boxed e-con e-parent\" data-id=\"d1a34e2\" data-element_type=\"container\" data-e-type=\"container\" data-settings=\"{&quot;jet_parallax_layout_list&quot;:[]}\">\n\t\t\t\t\t<div class=\"e-con-inner\">\n\t\t<div class=\"elementor-element elementor-element-6a7df02 e-con-full e-flex e-con e-child\" data-id=\"6a7df02\" data-element_type=\"container\" data-e-type=\"container\" data-settings=\"{&quot;jet_parallax_layout_list&quot;:[]}\">\n\t\t\t\t<div class=\"elementor-element elementor-element-7eb2078 elementor-invisible elementor-widget elementor-widget-text-editor\" data-id=\"7eb2078\" data-element_type=\"widget\" data-e-type=\"widget\" data-settings=\"{&quot;_animation&quot;:&quot;fadeIn&quot;}\" data-widget_type=\"text-editor.default\">\n\t\t\t\t\t\t\t\t\t<p>skolebyggeri og <br \/>n\u00f8dhj\u00e6lp<\/p>\t\t\t\t\t\t\t\t<\/div>\n\t\t\t\t<\/div>\n\t\t<div class=\"elementor-element elementor-element-9a7f571 e-con-full e-flex e-con e-child\" data-id=\"9a7f571\" data-element_type=\"container\" data-e-type=\"container\" data-settings=\"{&quot;jet_parallax_layout_list&quot;:[],&quot;background_background&quot;:&quot;classic&quot;}\">\n\t\t\t\t<div class=\"elementor-element elementor-element-53dff36 elementor-invisible elementor-widget elementor-widget-text-editor\" data-id=\"53dff36\" data-element_type=\"widget\" data-e-type=\"widget\" data-settings=\"{&quot;_animation&quot;:&quot;fadeIn&quot;}\" data-widget_type=\"text-editor.default\">\n\t\t\t\t\t\t\t\t\t<p>Afghanistans befolkning ansl\u00e5s til at v\u00e6re 37 mio., hvoraf halvdelen sk\u00f8nnes at v\u00e6re under 15 \u00e5r. Mange af b\u00f8rnene har ikke mulighed for at blive undervist. Is\u00e6r pigerne har sv\u00e6rt ved at komme i skole.<\/p><p>Dansk Folkehj\u00e6lp opf\u00f8rer skoler til\u00a0 titusindvis af afghanske b\u00f8rn, specielt piger. Udover at vi bygger nye kvalitetsskoler og rehabiliterer\/moderniserer nedslidte skoler, s\u00e5 udstyrer vi klassev\u00e6relser med hj\u00e6lpemidler, stole og borde.<\/p><p>Dansk Folkehj\u00e6lp har v\u00e6ret engageret i Afghanistan siden 1984. Gennem organisationen DACAAR vil vi redde liv i tidlige stadier af en krise rettet mod internt fordrevne, hjemvendte flygtninge og samfund, der er ber\u00f8rt af konflikter og naturkatastrofer.<\/p>\t\t\t\t\t\t\t\t<\/div>\n\t\t\t\t<\/div>\n\t\t\t\t\t<\/div>\n\t\t\t\t<\/div>\n\t\t<div class=\"elementor-element elementor-element-838e008 e-flex e-con-boxed e-con e-parent\" data-id=\"838e008\" data-element_type=\"container\" data-e-type=\"container\" data-settings=\"{&quot;jet_parallax_layout_list&quot;:[]}\">\n\t\t\t\t\t<div class=\"e-con-inner\">\n\t\t\t\t<div class=\"elementor-element elementor-element-b2206cc elementor-widget-divider--view-line elementor-widget elementor-widget-divider\" data-id=\"b2206cc\" data-element_type=\"widget\" data-e-type=\"widget\" data-widget_type=\"divider.default\">\n\t\t\t\t\t\t\t<div class=\"elementor-divider\">\n\t\t\t<span class=\"elementor-divider-separator\">\n\t\t\t\t\t\t<\/span>\n\t\t<\/div>\n\t\t\t\t\t\t<\/div>\n\t\t\t\t<div class=\"elementor-element elementor-element-e7db05a elementor-invisible elementor-widget elementor-widget-heading\" data-id=\"e7db05a\" data-element_type=\"widget\" data-e-type=\"widget\" data-settings=\"{&quot;_animation&quot;:&quot;fadeIn&quot;}\" data-widget_type=\"heading.default\">\n\t\t\t\t\t<h4 class=\"elementor-heading-title elementor-size-default\">Dansk folkehj\u00e6lp i afghanistan <\/h4>\t\t\t\t<\/div>\n\t\t\t\t\t<\/div>\n\t\t\t\t<\/div>\n\t\t<div class=\"elementor-element elementor-element-2867f62 e-flex e-con-boxed e-con e-parent\" data-id=\"2867f62\" data-element_type=\"container\" data-e-type=\"container\" data-settings=\"{&quot;background_background&quot;:&quot;classic&quot;,&quot;jet_parallax_layout_list&quot;:[]}\">\n\t\t\t\t\t<div class=\"e-con-inner\">\n\t\t<div class=\"elementor-element elementor-element-ddb7ae5 e-con-full elementor-hidden-mobile e-flex e-con e-child\" data-id=\"ddb7ae5\" data-element_type=\"container\" data-e-type=\"container\" data-settings=\"{&quot;jet_parallax_layout_list&quot;:[]}\">\n\t\t\t\t<\/div>\n\t\t<div class=\"elementor-element elementor-element-3a39719 e-con-full e-flex e-con e-child\" data-id=\"3a39719\" data-element_type=\"container\" data-e-type=\"container\" data-settings=\"{&quot;jet_parallax_layout_list&quot;:[]}\">\n\t\t\t\t<div class=\"elementor-element elementor-element-7cb2753 elementor-invisible elementor-widget elementor-widget-image\" data-id=\"7cb2753\" data-element_type=\"widget\" data-e-type=\"widget\" data-settings=\"{&quot;_animation&quot;:&quot;fadeIn&quot;,&quot;_animation_delay&quot;:0}\" data-widget_type=\"image.default\">\n\t\t\t\t\t\t\t\t\t\t\t\t\t\t\t<img decoding=\"async\" src=\"https:\/\/www.folkehjaelp.dk\/cvm25\/wp-content\/uploads\/elementor\/thumbs\/Ikon_nodhjaelp-rbhousavpb8tp8nbb35hp1pcf0mepjrxqekl4yszjc.webp\" title=\"Ikon_nodhjaelp\" alt=\"Ikon_nodhjaelp\" loading=\"lazy\" \/>\t\t\t\t\t\t\t\t\t\t\t\t\t\t\t<\/div>\n\t\t\t\t<div class=\"elementor-element elementor-element-88935f9 elementor-invisible elementor-widget elementor-widget-text-editor\" data-id=\"88935f9\" data-element_type=\"widget\" data-e-type=\"widget\" data-settings=\"{&quot;_animation&quot;:&quot;fadeIn&quot;}\" data-widget_type=\"text-editor.default\">\n\t\t\t\t\t\t\t\t\t<p>N\u00f8dhj\u00e6lp til 12.000 <br \/>mennesker [2024]<\/p>\t\t\t\t\t\t\t\t<\/div>\n\t\t\t\t<\/div>\n\t\t<div class=\"elementor-element elementor-element-f2e9fc0 e-con-full e-flex e-con e-child\" data-id=\"f2e9fc0\" data-element_type=\"container\" data-e-type=\"container\" data-settings=\"{&quot;jet_parallax_layout_list&quot;:[]}\">\n\t\t\t\t<div class=\"elementor-element elementor-element-852211f elementor-invisible elementor-widget elementor-widget-image\" data-id=\"852211f\" data-element_type=\"widget\" data-e-type=\"widget\" data-settings=\"{&quot;_animation&quot;:&quot;fadeIn&quot;,&quot;_animation_delay&quot;:50}\" data-widget_type=\"image.default\">\n\t\t\t\t\t\t\t\t\t\t\t\t\t\t\t<img decoding=\"async\" src=\"https:\/\/www.folkehjaelp.dk\/cvm25\/wp-content\/uploads\/elementor\/thumbs\/ikon_megafon_2-rbi1hynb84chvdh8ec8nmoo097474zslbbg8dpwsfc.png\" title=\"ikon_megafon_2\" alt=\"ikon_megafon_2\" loading=\"lazy\" \/>\t\t\t\t\t\t\t\t\t\t\t\t\t\t\t<\/div>\n\t\t\t\t<div class=\"elementor-element elementor-element-7e42ba1 elementor-invisible elementor-widget elementor-widget-text-editor\" data-id=\"7e42ba1\" data-element_type=\"widget\" data-e-type=\"widget\" data-settings=\"{&quot;_animation&quot;:&quot;fadeIn&quot;,&quot;_animation_delay&quot;:50}\" data-widget_type=\"text-editor.default\">\n\t\t\t\t\t\t\t\t\t<p class=\"p1\">Lavet 35 kampagner, der\u00a0fokuserer p\u00e5 vigtigheden <br \/>af undervisning [2023]<\/p>\t\t\t\t\t\t\t\t<\/div>\n\t\t\t\t<\/div>\n\t\t<div class=\"elementor-element elementor-element-954eb2d e-con-full e-flex e-con e-child\" data-id=\"954eb2d\" data-element_type=\"container\" data-e-type=\"container\" data-settings=\"{&quot;jet_parallax_layout_list&quot;:[]}\">\n\t\t\t\t<div class=\"elementor-element elementor-element-a9f3b88 elementor-invisible elementor-widget elementor-widget-image\" data-id=\"a9f3b88\" data-element_type=\"widget\" data-e-type=\"widget\" data-settings=\"{&quot;_animation&quot;:&quot;fadeIn&quot;,&quot;_animation_delay&quot;:100}\" data-widget_type=\"image.default\">\n\t\t\t\t\t\t\t\t\t\t\t\t\t\t\t<img decoding=\"async\" src=\"https:\/\/www.folkehjaelp.dk\/cvm25\/wp-content\/uploads\/elementor\/thumbs\/ikon_bog-rbi1r4knuyw52i5zvsupfvesrfy16r6dkofntublrc.png\" title=\"ikon_bog\" alt=\"ikon_bog\" loading=\"lazy\" \/>\t\t\t\t\t\t\t\t\t\t\t\t\t\t\t<\/div>\n\t\t\t\t<div class=\"elementor-element elementor-element-b313491 elementor-invisible elementor-widget elementor-widget-text-editor\" data-id=\"b313491\" data-element_type=\"widget\" data-e-type=\"widget\" data-settings=\"{&quot;_animation&quot;:&quot;fadeIn&quot;,&quot;_animation_delay&quot;:100}\" data-widget_type=\"text-editor.default\">\n\t\t\t\t\t\t\t\t\t<p class=\"p1\">Indrerettet 58 l\u00e6sehj\u00f8rner [2023]<\/p>\t\t\t\t\t\t\t\t<\/div>\n\t\t\t\t<\/div>\n\t\t<div class=\"elementor-element elementor-element-46c33cb e-con-full e-flex e-con e-child\" data-id=\"46c33cb\" data-element_type=\"container\" data-e-type=\"container\" data-settings=\"{&quot;jet_parallax_layout_list&quot;:[]}\">\n\t\t\t\t<div class=\"elementor-element elementor-element-e2a2a22 elementor-invisible elementor-widget elementor-widget-image\" data-id=\"e2a2a22\" data-element_type=\"widget\" data-e-type=\"widget\" data-settings=\"{&quot;_animation&quot;:&quot;fadeIn&quot;,&quot;_animation_delay&quot;:150}\" data-widget_type=\"image.default\">\n\t\t\t\t\t\t\t\t\t\t\t\t\t\t\t<img decoding=\"async\" src=\"https:\/\/www.folkehjaelp.dk\/cvm25\/wp-content\/uploads\/elementor\/thumbs\/ikon_vaerktoj-rbhounlor52e36u52j4cukw1g39kn29a1rb5qkzyeg.webp\" title=\"ikon_v\u00e6rkt\u00f8j\" alt=\"ikon_v\u00e6rkt\u00f8j\" loading=\"lazy\" \/>\t\t\t\t\t\t\t\t\t\t\t\t\t\t\t<\/div>\n\t\t\t\t<div class=\"elementor-element elementor-element-9375926 elementor-invisible elementor-widget elementor-widget-text-editor\" data-id=\"9375926\" data-element_type=\"widget\" data-e-type=\"widget\" data-settings=\"{&quot;_animation&quot;:&quot;fadeIn&quot;,&quot;_animation_delay&quot;:150}\" data-widget_type=\"text-editor.default\">\n\t\t\t\t\t\t\t\t\t<p class=\"p1\">Bygget 16 skoler med i alt 128 klasselokaler til knap <br \/>5.400 elever [2024]<\/p>\t\t\t\t\t\t\t\t<\/div>\n\t\t\t\t<\/div>\n\t\t<div class=\"elementor-element elementor-element-2221aaa e-con-full elementor-hidden-mobile e-flex e-con e-child\" data-id=\"2221aaa\" data-element_type=\"container\" data-e-type=\"container\" data-settings=\"{&quot;jet_parallax_layout_list&quot;:[]}\">\n\t\t\t\t<\/div>\n\t\t\t\t\t<\/div>\n\t\t\t\t<\/div>\n\t\t<div class=\"elementor-element elementor-element-f9c867e e-flex e-con-boxed e-con e-parent\" data-id=\"f9c867e\" data-element_type=\"container\" data-e-type=\"container\" data-settings=\"{&quot;jet_parallax_layout_list&quot;:[]}\">\n\t\t\t\t\t<div class=\"e-con-inner\">\n\t\t\t\t<div class=\"elementor-element elementor-element-b23ab4c elementor-widget-divider--view-line elementor-widget elementor-widget-divider\" data-id=\"b23ab4c\" data-element_type=\"widget\" data-e-type=\"widget\" data-widget_type=\"divider.default\">\n\t\t\t\t\t\t\t<div class=\"elementor-divider\">\n\t\t\t<span class=\"elementor-divider-separator\">\n\t\t\t\t\t\t<\/span>\n\t\t<\/div>\n\t\t\t\t\t\t<\/div>\n\t\t\t\t\t<\/div>\n\t\t\t\t<\/div>\n\t\t<div class=\"elementor-element elementor-element-f17a8b3 e-flex e-con-boxed e-con e-parent\" data-id=\"f17a8b3\" data-element_type=\"container\" data-e-type=\"container\" data-settings=\"{&quot;jet_parallax_layout_list&quot;:[],&quot;background_background&quot;:&quot;classic&quot;}\">\n\t\t\t\t\t<div class=\"e-con-inner\">\n\t\t<div class=\"elementor-element elementor-element-35c756a e-con-full e-flex e-con e-child\" data-id=\"35c756a\" data-element_type=\"container\" data-e-type=\"container\" data-settings=\"{&quot;jet_parallax_layout_list&quot;:[]}\">\n\t\t<div class=\"elementor-element elementor-element-b700d6e e-con-full elementor-hidden-mobile e-flex elementor-invisible e-con e-child\" data-id=\"b700d6e\" data-element_type=\"container\" data-e-type=\"container\" data-settings=\"{&quot;jet_parallax_layout_list&quot;:[],&quot;background_background&quot;:&quot;classic&quot;,&quot;animation&quot;:&quot;fadeIn&quot;}\">\n\t\t\t\t<\/div>\n\t\t<div class=\"elementor-element elementor-element-460faf8 e-con-full e-flex e-con e-child\" data-id=\"460faf8\" data-element_type=\"container\" data-e-type=\"container\" data-settings=\"{&quot;jet_parallax_layout_list&quot;:[],&quot;background_background&quot;:&quot;classic&quot;}\">\n\t\t\t\t<div class=\"elementor-element elementor-element-38458d9 animated-slow elementor-invisible elementor-widget elementor-widget-heading\" data-id=\"38458d9\" data-element_type=\"widget\" data-e-type=\"widget\" data-settings=\"{&quot;_animation&quot;:&quot;fadeIn&quot;}\" data-widget_type=\"heading.default\">\n\t\t\t\t\t<h2 class=\"elementor-heading-title elementor-size-default\">DANSK FOLKEHJ\u00c6LP I AFGHANISTAN<\/h2>\t\t\t\t<\/div>\n\t\t\t\t<div class=\"elementor-element elementor-element-4cadc26 animated-slow elementor-invisible elementor-widget elementor-widget-heading\" data-id=\"4cadc26\" data-element_type=\"widget\" data-e-type=\"widget\" data-settings=\"{&quot;_animation&quot;:&quot;fadeIn&quot;}\" data-widget_type=\"heading.default\">\n\t\t\t\t\t<h1 class=\"elementor-heading-title elementor-size-default\">Piger i Afghanistan har <br> ogs\u00e5 ret til at l\u00e6re<\/h1>\t\t\t\t<\/div>\n\t\t\t\t<div class=\"elementor-element elementor-element-0c263af elementor-invisible elementor-widget elementor-widget-text-editor\" data-id=\"0c263af\" data-element_type=\"widget\" data-e-type=\"widget\" data-settings=\"{&quot;_animation&quot;:&quot;fadeIn&quot;}\" data-widget_type=\"text-editor.default\">\n\t\t\t\t\t\t\t\t\t<p class=\"p1\">Mamlakat, Khalida og Anezo er begyndt i 1. klasse i en skole bygget af Dansk Folkehj\u00e6lp. Det er s\u00e5 sp\u00e6ndende at g\u00e5 i skole, at selvom de f\u00f8rst skal m\u00f8de kl. 8, er de klar i klasselokalet kl. 7.<\/p> <br>\n<p class=\"p1\">\u201cDet bedste ved at g\u00e5 i skole er at l\u00e6re alfabetet, s\u00e5 man kan l\u00e6re at l\u00e6se. Det n\u00e6stbedste er l\u00e6reren, fordi hun er s\u00e5 s\u00f8d,\u201d <br> siger 7-\u00e5rige Mamlakat.<\/p>\t\t\t\t\t\t\t\t<\/div>\n\t\t\t\t<\/div>\n\t\t\t\t<\/div>\n\t\t\t\t\t<\/div>\n\t\t\t\t<\/div>\n\t\t<div class=\"elementor-element elementor-element-7ba2f4f e-flex e-con-boxed e-con e-parent\" data-id=\"7ba2f4f\" data-element_type=\"container\" data-e-type=\"container\" data-settings=\"{&quot;jet_parallax_layout_list&quot;:[]}\">\n\t\t\t\t\t<div class=\"e-con-inner\">\n\t\t\t\t<div class=\"elementor-element elementor-element-2917c18 elementor-hidden-desktop elementor-widget elementor-widget-image\" data-id=\"2917c18\" data-element_type=\"widget\" data-e-type=\"widget\" data-widget_type=\"image.default\">\n\t\t\t\t\t\t\t\t\t\t\t\t\t\t\t<img fetchpriority=\"high\" decoding=\"async\" width=\"800\" height=\"600\" src=\"https:\/\/www.folkehjaelp.dk\/cvm25\/wp-content\/uploads\/2025\/09\/IMG_1006-1024x768.jpeg\" class=\"attachment-large size-large wp-image-1112\" alt=\"\" srcset=\"https:\/\/www.folkehjaelp.dk\/cvm25\/wp-content\/uploads\/2025\/09\/IMG_1006-1024x768.jpeg 1024w, https:\/\/www.folkehjaelp.dk\/cvm25\/wp-content\/uploads\/2025\/09\/IMG_1006-300x225.jpeg 300w, https:\/\/www.folkehjaelp.dk\/cvm25\/wp-content\/uploads\/2025\/09\/IMG_1006-768x576.jpeg 768w, https:\/\/www.folkehjaelp.dk\/cvm25\/wp-content\/uploads\/2025\/09\/IMG_1006-1536x1152.jpeg 1536w, https:\/\/www.folkehjaelp.dk\/cvm25\/wp-content\/uploads\/2025\/09\/IMG_1006-2048x1536.jpeg 2048w\" sizes=\"(max-width: 800px) 100vw, 800px\" \/>\t\t\t\t\t\t\t\t\t\t\t\t\t\t\t<\/div>\n\t\t\t\t\t<\/div>\n\t\t\t\t<\/div>\n\t\t\t\t<\/div>\n\t\t","protected":false},"excerpt":{"rendered":"<p>Hj\u00e6lp til udsatte i Danmark og Verden Side om side med det afghanske folk siden 1984 hj\u00e6lp til udsatte i danmark og verden Side om side med det afghanske folk giv din st\u00f8tte skolebyggeri og n\u00f8dhj\u00e6lp Afghanistans befolkning ansl\u00e5s til at v\u00e6re 37 mio., hvoraf halvdelen sk\u00f8nnes at v\u00e6re under 15 \u00e5r. Mange af b\u00f8rnene [&hellip;]<\/p>\n","protected":false},"author":2,"featured_media":0,"parent":741,"menu_order":0,"comment_status":"closed","ping_status":"closed","template":"","meta":{"footnotes":""},"class_list":["post-1108","page","type-page","status-publish","hentry"],"_links":{"self":[{"href":"https:\/\/www.folkehjaelp.dk\/en\/wp-json\/wp\/v2\/pages\/1108","targetHints":{"allow":["GET"]}}],"collection":[{"href":"https:\/\/www.folkehjaelp.dk\/en\/wp-json\/wp\/v2\/pages"}],"about":[{"href":"https:\/\/www.folkehjaelp.dk\/en\/wp-json\/wp\/v2\/types\/page"}],"author":[{"embeddable":true,"href":"https:\/\/www.folkehjaelp.dk\/en\/wp-json\/wp\/v2\/users\/2"}],"replies":[{"embeddable":true,"href":"https:\/\/www.folkehjaelp.dk\/en\/wp-json\/wp\/v2\/comments?post=1108"}],"version-history":[{"count":122,"href":"https:\/\/www.folkehjaelp.dk\/en\/wp-json\/wp\/v2\/pages\/1108\/revisions"}],"predecessor-version":[{"id":5654,"href":"https:\/\/www.folkehjaelp.dk\/en\/wp-json\/wp\/v2\/pages\/1108\/revisions\/5654"}],"up":[{"embeddable":true,"href":"https:\/\/www.folkehjaelp.dk\/en\/wp-json\/wp\/v2\/pages\/741"}],"wp:attachment":[{"href":"https:\/\/www.folkehjaelp.dk\/en\/wp-json\/wp\/v2\/media?parent=1108"}],"curies":[{"name":"wp","href":"https:\/\/api.w.org\/{rel}","templated":true}]}}