{"id":1151,"date":"2025-09-09T11:54:18","date_gmt":"2025-09-09T11:54:18","guid":{"rendered":"https:\/\/www.folkehjaelp.dk\/cvm25\/?page_id=1151"},"modified":"2026-03-25T09:52:05","modified_gmt":"2026-03-25T09:52:05","slug":"feriehjaelp","status":"publish","type":"page","link":"https:\/\/www.folkehjaelp.dk\/en\/folkehjaelpen-i-danmark\/direkte-stotte\/feriehjaelp\/","title":{"rendered":"Holiday assistance"},"content":{"rendered":"\t\t<div data-elementor-type=\"wp-page\" data-elementor-id=\"1151\" class=\"elementor elementor-1151\" data-elementor-post-type=\"page\">\n\t\t\t\t<div class=\"elementor-element elementor-element-4a62298 elementor-hidden-mobile e-flex e-con-boxed e-con e-parent\" data-id=\"4a62298\" data-element_type=\"container\" data-e-type=\"container\" data-settings=\"{&quot;jet_parallax_layout_list&quot;:[]}\">\n\t\t\t\t\t<div class=\"e-con-inner\">\n\t\t<div class=\"elementor-element elementor-element-27434f5 e-con-full elementor-hidden-mobile e-flex e-con e-child\" data-id=\"27434f5\" data-element_type=\"container\" data-e-type=\"container\" data-settings=\"{&quot;background_background&quot;:&quot;classic&quot;,&quot;jet_parallax_layout_list&quot;:[]}\">\n\t\t\t\t<div class=\"elementor-element elementor-element-52bea27 elementor-invisible elementor-widget elementor-widget-heading\" data-id=\"52bea27\" data-element_type=\"widget\" data-e-type=\"widget\" data-settings=\"{&quot;_animation&quot;:&quot;fadeIn&quot;}\" data-widget_type=\"heading.default\">\n\t\t\t\t\t<h1 class=\"elementor-heading-title elementor-size-default\">feriehj\u00e6lp<\/h1>\t\t\t\t<\/div>\n\t\t\t\t<div class=\"elementor-element elementor-element-b21a738 elementor-invisible elementor-widget elementor-widget-text-editor\" data-id=\"b21a738\" data-element_type=\"widget\" data-e-type=\"widget\" data-settings=\"{&quot;_animation&quot;:&quot;fadeIn&quot;}\" data-widget_type=\"text-editor.default\">\n\t\t\t\t\t\t\t\t\t<p>P\u00e5 sommerferie med Dansk Folkehj\u00e6lp<\/p>\t\t\t\t\t\t\t\t<\/div>\n\t\t\t\t<\/div>\n\t\t<div class=\"elementor-element elementor-element-479ab62 e-con-full e-flex e-con e-child\" data-id=\"479ab62\" data-element_type=\"container\" data-e-type=\"container\" data-settings=\"{&quot;background_background&quot;:&quot;classic&quot;,&quot;jet_parallax_layout_list&quot;:[]}\">\n\t\t\t\t<\/div>\n\t\t\t\t\t<\/div>\n\t\t\t\t<\/div>\n\t\t<div class=\"elementor-element elementor-element-8904902 elementor-hidden-desktop elementor-hidden-tablet e-flex e-con-boxed e-con e-parent\" data-id=\"8904902\" data-element_type=\"container\" data-e-type=\"container\" data-settings=\"{&quot;jet_parallax_layout_list&quot;:[],&quot;animation_mobile&quot;:&quot;fadeIn&quot;}\">\n\t\t\t\t\t<div class=\"e-con-inner\">\n\t\t<div class=\"elementor-element elementor-element-87dcae1 e-con-full e-flex e-con e-child\" data-id=\"87dcae1\" data-element_type=\"container\" data-e-type=\"container\" data-settings=\"{&quot;jet_parallax_layout_list&quot;:[]}\">\n\t\t<div class=\"elementor-element elementor-element-3b4e1e6 e-con-full animated-fast e-flex e-con e-child\" data-id=\"3b4e1e6\" data-element_type=\"container\" data-e-type=\"container\" data-settings=\"{&quot;background_background&quot;:&quot;classic&quot;,&quot;jet_parallax_layout_list&quot;:[],&quot;animation&quot;:&quot;none&quot;}\">\n\t\t<div class=\"elementor-element elementor-element-f7ab909 e-con-full e-flex e-con e-child\" data-id=\"f7ab909\" data-element_type=\"container\" data-e-type=\"container\" data-settings=\"{&quot;jet_parallax_layout_list&quot;:[]}\">\n\t\t\t\t<div class=\"elementor-element elementor-element-0cbdef8 animated-slow elementor-invisible elementor-widget elementor-widget-heading\" data-id=\"0cbdef8\" data-element_type=\"widget\" data-e-type=\"widget\" data-settings=\"{&quot;_animation&quot;:&quot;fadeIn&quot;}\" data-widget_type=\"heading.default\">\n\t\t\t\t\t<h4 class=\"elementor-heading-title elementor-size-default\">feriehj\u00e6lp<\/h4>\t\t\t\t<\/div>\n\t\t\t\t<div class=\"elementor-element elementor-element-59c9614 elementor-widget elementor-widget-heading\" data-id=\"59c9614\" data-element_type=\"widget\" data-e-type=\"widget\" data-widget_type=\"heading.default\">\n\t\t\t\t\t<h2 class=\"elementor-heading-title elementor-size-default\">P\u00e5 sommerferie med <br> Dansk Folkehj\u00e6lp<\/h2>\t\t\t\t<\/div>\n\t\t\t\t<\/div>\n\t\t\t\t<\/div>\n\t\t\t\t<\/div>\n\t\t\t\t\t<\/div>\n\t\t\t\t<\/div>\n\t\t<div class=\"elementor-element elementor-element-d08fe9c e-flex e-con-boxed e-con e-parent\" data-id=\"d08fe9c\" data-element_type=\"container\" data-e-type=\"container\" data-settings=\"{&quot;jet_parallax_layout_list&quot;:[]}\">\n\t\t\t\t\t<div class=\"e-con-inner\">\n\t\t<div class=\"elementor-element elementor-element-e068ff7 e-con-full e-flex e-con e-child\" data-id=\"e068ff7\" data-element_type=\"container\" data-e-type=\"container\" data-settings=\"{&quot;jet_parallax_layout_list&quot;:[]}\">\n\t\t\t\t<div class=\"elementor-element elementor-element-3bbe241 elementor-hidden-mobile elementor-invisible elementor-widget elementor-widget-text-editor\" data-id=\"3bbe241\" data-element_type=\"widget\" data-e-type=\"widget\" data-settings=\"{&quot;_animation&quot;:&quot;fadeIn&quot;}\" data-widget_type=\"text-editor.default\">\n\t\t\t\t\t\t\t\t\t<p>gode sommerferieoplevelser<\/p>\t\t\t\t\t\t\t\t<\/div>\n\t\t<div class=\"elementor-element elementor-element-e79353d e-con-full e-flex e-con e-child\" data-id=\"e79353d\" data-element_type=\"container\" data-e-type=\"container\" data-settings=\"{&quot;jet_parallax_layout_list&quot;:[]}\">\n\t\t<div class=\"elementor-element elementor-element-3cc2807 e-con-full elementor-hidden-mobile e-flex e-con e-child\" data-id=\"3cc2807\" data-element_type=\"container\" data-e-type=\"container\" data-settings=\"{&quot;jet_parallax_layout_list&quot;:[]}\">\n\t\t\t\t<\/div>\n\t\t\t\t<\/div>\n\t\t\t\t<\/div>\n\t\t<div class=\"elementor-element elementor-element-53e67f1 e-con-full e-flex e-con e-child\" data-id=\"53e67f1\" data-element_type=\"container\" data-e-type=\"container\" data-settings=\"{&quot;jet_parallax_layout_list&quot;:[],&quot;background_background&quot;:&quot;classic&quot;}\">\n\t\t\t\t<div class=\"elementor-element elementor-element-7ed9cc2 elementor-invisible elementor-widget elementor-widget-text-editor\" data-id=\"7ed9cc2\" data-element_type=\"widget\" data-e-type=\"widget\" data-settings=\"{&quot;_animation&quot;:&quot;fadeIn&quot;}\" data-widget_type=\"text-editor.default\">\n\t\t\t\t\t\t\t\t\t<p>I \u00f8konomisk tr\u00e6ngte familier kan sommeren ofte v\u00e6re en tid uden oplevelser med familier og venner. For der er ikke r\u00e5d.<\/p><p>Med Dansk Folkehj\u00e6lps Feriehj\u00e6lp f\u00e5r b\u00f8rnefamilier mulighed for at komme p\u00e5 ferie. Ferien best\u00e5r af en uge i en familiehytte p\u00e5 et feriecenter i Danmark. Hvert feriecamp har et team af fire frivillige, som s\u00f8rger for, at familierne f\u00e5r en god ferieuge fyldt med tryghed, n\u00e6rv\u00e6r og gode oplevelser. I 2025 afholdt vi 64 feriecamps fordelt p\u00e5 19 feriesteder med knap 4.000 deltagende b\u00f8rn og voksne.<\/p><p>I 2026 \u00e5bner vi igen for muligheden for at komme p\u00e5 sommerferie. Og vi h\u00e5ber, at hvert ophold bliver et dejligt pusterum fyldt med sand mellem t\u00e6erne, sol p\u00e5 n\u00e6sen og venskaber p\u00e5 tv\u00e6rs.<\/p><p>For at modtage Feriehj\u00e6lp skal man v\u00e6re enlig fors\u00f8rger p\u00e5 overf\u00f8rselsindkomst eller samboende\/gift, hvor begge er p\u00e5 overf\u00f8rselsindkomst og med hjemmeboende b\u00f8rn under 18 \u00e5r.<\/p><p>S\u00f8g Feriehj\u00e6lp fra d. 1. april t.o.m. den 30. april, via vores <a href=\"https:\/\/ansogning.folkehjaelp.dk\/\">ans\u00f8gningsportal<\/a>.\u00a0\u00a0<\/p>\t\t\t\t\t\t\t\t<\/div>\n\t\t\t\t<\/div>\n\t\t\t\t\t<\/div>\n\t\t\t\t<\/div>\n\t\t<div class=\"elementor-element elementor-element-a9cf754 e-flex e-con-boxed e-con e-parent\" data-id=\"a9cf754\" data-element_type=\"container\" data-e-type=\"container\" data-settings=\"{&quot;jet_parallax_layout_list&quot;:[],&quot;background_background&quot;:&quot;classic&quot;,&quot;animation_mobile&quot;:&quot;fadeIn&quot;}\">\n\t\t\t\t\t<div class=\"e-con-inner\">\n\t\t<div class=\"elementor-element elementor-element-dd44642 e-con-full elementor-hidden-mobile e-flex e-con e-child\" data-id=\"dd44642\" data-element_type=\"container\" data-e-type=\"container\" data-settings=\"{&quot;jet_parallax_layout_list&quot;:[],&quot;background_background&quot;:&quot;classic&quot;}\">\n\t\t\t\t<\/div>\n\t\t<div class=\"elementor-element elementor-element-9fcaafd e-con-full e-flex e-con e-child\" data-id=\"9fcaafd\" data-element_type=\"container\" data-e-type=\"container\" data-settings=\"{&quot;jet_parallax_layout_list&quot;:[],&quot;background_background&quot;:&quot;classic&quot;}\">\n\t\t\t\t<div class=\"elementor-element elementor-element-e572014 animated-slow elementor-invisible elementor-widget elementor-widget-heading\" data-id=\"e572014\" data-element_type=\"widget\" data-e-type=\"widget\" data-settings=\"{&quot;_animation&quot;:&quot;fadeIn&quot;}\" data-widget_type=\"heading.default\">\n\t\t\t\t\t<h2 class=\"elementor-heading-title elementor-size-default\">EN UGE HOS DANLAND I L\u00d8JT<\/h2>\t\t\t\t<\/div>\n\t\t\t\t<div class=\"elementor-element elementor-element-976d43d animated-slow elementor-invisible elementor-widget elementor-widget-heading\" data-id=\"976d43d\" data-element_type=\"widget\" data-e-type=\"widget\" data-settings=\"{&quot;_animation&quot;:&quot;fadeIn&quot;}\" data-widget_type=\"heading.default\">\n\t\t\t\t\t<p class=\"elementor-heading-title elementor-size-default\">\"Vi f\u00f8lte os ligesom <br> alle andre\"<\/p>\t\t\t\t<\/div>\n\t\t\t\t<div class=\"elementor-element elementor-element-693932f elementor-hidden-desktop elementor-hidden-tablet elementor-widget elementor-widget-image\" data-id=\"693932f\" data-element_type=\"widget\" data-e-type=\"widget\" data-settings=\"{&quot;_animation_mobile&quot;:&quot;fadeIn&quot;}\" data-widget_type=\"image.default\">\n\t\t\t\t\t\t\t\t\t\t\t\t\t\t\t<img fetchpriority=\"high\" decoding=\"async\" width=\"300\" height=\"300\" src=\"https:\/\/www.folkehjaelp.dk\/cvm25\/wp-content\/uploads\/2025\/09\/lone_feriehjaelp_cirkel-300x300.png\" class=\"attachment-medium size-medium wp-image-3001\" alt=\"\" srcset=\"https:\/\/www.folkehjaelp.dk\/cvm25\/wp-content\/uploads\/2025\/09\/lone_feriehjaelp_cirkel-300x300.png 300w, https:\/\/www.folkehjaelp.dk\/cvm25\/wp-content\/uploads\/2025\/09\/lone_feriehjaelp_cirkel-1024x1024.png 1024w, https:\/\/www.folkehjaelp.dk\/cvm25\/wp-content\/uploads\/2025\/09\/lone_feriehjaelp_cirkel-150x150.png 150w, https:\/\/www.folkehjaelp.dk\/cvm25\/wp-content\/uploads\/2025\/09\/lone_feriehjaelp_cirkel-768x768.png 768w, https:\/\/www.folkehjaelp.dk\/cvm25\/wp-content\/uploads\/2025\/09\/lone_feriehjaelp_cirkel.png 1042w\" sizes=\"(max-width: 300px) 100vw, 300px\" \/>\t\t\t\t\t\t\t\t\t\t\t\t\t\t\t<\/div>\n\t\t\t\t<div class=\"elementor-element elementor-element-09ba921 elementor-invisible elementor-widget elementor-widget-text-editor\" data-id=\"09ba921\" data-element_type=\"widget\" data-e-type=\"widget\" data-settings=\"{&quot;_animation&quot;:&quot;fadeIn&quot;}\" data-widget_type=\"text-editor.default\">\n\t\t\t\t\t\t\t\t\t<p>Lone og hendes s\u00f8n Emmanuel var i sommeren 2025 p\u00e5 \u00e9n uges ferieophold med Dansk Folkehj\u00e6lp.<br \/><br \/>&#8220;Jeg har ikke mulighed for at give min s\u00f8n en rigtig ferie, s\u00e5 alternativet var at bruge sommeren derhjemme. Alle familierne p\u00e5 opholdet k\u00e6mper med nogle ting i hverdagen, og det var befriende ikke at f\u00f8le sig anderledes og udenfor.&#8221;<\/p>\t\t\t\t\t\t\t\t<\/div>\n\t\t\t\t<\/div>\n\t\t\t\t\t<\/div>\n\t\t\t\t<\/div>\n\t\t<div class=\"elementor-element elementor-element-7c98af4 e-flex e-con-boxed e-con e-parent\" data-id=\"7c98af4\" data-element_type=\"container\" data-e-type=\"container\" data-settings=\"{&quot;jet_parallax_layout_list&quot;:[]}\">\n\t\t\t\t\t<div class=\"e-con-inner\">\n\t\t<div class=\"elementor-element elementor-element-ae10b80 e-con-full animated-fast e-flex e-con e-child\" data-id=\"ae10b80\" data-element_type=\"container\" data-e-type=\"container\" data-settings=\"{&quot;background_background&quot;:&quot;classic&quot;,&quot;jet_parallax_layout_list&quot;:[],&quot;animation&quot;:&quot;none&quot;}\">\n\t\t<div class=\"elementor-element elementor-element-222701e e-con-full e-flex e-con e-child\" data-id=\"222701e\" data-element_type=\"container\" data-e-type=\"container\" data-settings=\"{&quot;jet_parallax_layout_list&quot;:[]}\">\n\t\t\t\t<div class=\"elementor-element elementor-element-f837796 animated-slow elementor-invisible elementor-widget elementor-widget-heading\" data-id=\"f837796\" data-element_type=\"widget\" data-e-type=\"widget\" data-settings=\"{&quot;_animation&quot;:&quot;fadeIn&quot;}\" data-widget_type=\"heading.default\">\n\t\t\t\t\t<h1 class=\"elementor-heading-title elementor-size-default\">I 2025 var mere end 4.000 b\u00f8rn og voksne p\u00e5 sommerferie med Dansk Folkehj\u00e6lp<\/h1>\t\t\t\t<\/div>\n\t\t\t\t<div class=\"elementor-element elementor-element-93f5b6b elementor-absolute elementor-widget elementor-widget-image\" data-id=\"93f5b6b\" data-element_type=\"widget\" data-e-type=\"widget\" data-settings=\"{&quot;_position&quot;:&quot;absolute&quot;,&quot;motion_fx_motion_fx_scrolling&quot;:&quot;yes&quot;,&quot;motion_fx_translateY_effect&quot;:&quot;yes&quot;,&quot;motion_fx_translateY_direction&quot;:&quot;negative&quot;,&quot;motion_fx_translateY_speed&quot;:{&quot;unit&quot;:&quot;px&quot;,&quot;size&quot;:2,&quot;sizes&quot;:[]},&quot;motion_fx_translateY_affectedRange&quot;:{&quot;unit&quot;:&quot;%&quot;,&quot;size&quot;:&quot;&quot;,&quot;sizes&quot;:{&quot;start&quot;:0,&quot;end&quot;:100}},&quot;motion_fx_devices&quot;:[&quot;desktop&quot;,&quot;tablet&quot;,&quot;mobile&quot;]}\" data-widget_type=\"image.default\">\n\t\t\t\t\t\t\t\t\t\t\t\t\t\t\t<img decoding=\"async\" width=\"150\" height=\"150\" src=\"https:\/\/www.folkehjaelp.dk\/cvm25\/wp-content\/uploads\/2025\/09\/ikon_feriehjaelp-150x150.png\" class=\"attachment-thumbnail size-thumbnail wp-image-1336\" alt=\"\" srcset=\"https:\/\/www.folkehjaelp.dk\/cvm25\/wp-content\/uploads\/2025\/09\/ikon_feriehjaelp-150x150.png 150w, https:\/\/www.folkehjaelp.dk\/cvm25\/wp-content\/uploads\/2025\/09\/ikon_feriehjaelp-300x300.png 300w, https:\/\/www.folkehjaelp.dk\/cvm25\/wp-content\/uploads\/2025\/09\/ikon_feriehjaelp-1024x1024.png 1024w, https:\/\/www.folkehjaelp.dk\/cvm25\/wp-content\/uploads\/2025\/09\/ikon_feriehjaelp-768x768.png 768w, https:\/\/www.folkehjaelp.dk\/cvm25\/wp-content\/uploads\/2025\/09\/ikon_feriehjaelp.png 1042w\" sizes=\"(max-width: 150px) 100vw, 150px\" \/>\t\t\t\t\t\t\t\t\t\t\t\t\t\t\t<\/div>\n\t\t\t\t<\/div>\n\t\t\t\t<\/div>\n\t\t\t\t\t<\/div>\n\t\t\t\t<\/div>\n\t\t\t\t<\/div>\n\t\t","protected":false},"excerpt":{"rendered":"<p>feriehj\u00e6lp P\u00e5 sommerferie med Dansk Folkehj\u00e6lp feriehj\u00e6lp P\u00e5 sommerferie med Dansk Folkehj\u00e6lp gode sommerferieoplevelser I \u00f8konomisk tr\u00e6ngte familier kan sommeren ofte v\u00e6re en tid uden oplevelser med familier og venner. For der er ikke r\u00e5d. Med Dansk Folkehj\u00e6lps Feriehj\u00e6lp f\u00e5r b\u00f8rnefamilier mulighed for at komme p\u00e5 ferie. Ferien best\u00e5r af en uge i en familiehytte [&hellip;]<\/p>\n","protected":false},"author":2,"featured_media":0,"parent":661,"menu_order":0,"comment_status":"closed","ping_status":"closed","template":"","meta":{"footnotes":""},"class_list":["post-1151","page","type-page","status-publish","hentry"],"_links":{"self":[{"href":"https:\/\/www.folkehjaelp.dk\/en\/wp-json\/wp\/v2\/pages\/1151","targetHints":{"allow":["GET"]}}],"collection":[{"href":"https:\/\/www.folkehjaelp.dk\/en\/wp-json\/wp\/v2\/pages"}],"about":[{"href":"https:\/\/www.folkehjaelp.dk\/en\/wp-json\/wp\/v2\/types\/page"}],"author":[{"embeddable":true,"href":"https:\/\/www.folkehjaelp.dk\/en\/wp-json\/wp\/v2\/users\/2"}],"replies":[{"embeddable":true,"href":"https:\/\/www.folkehjaelp.dk\/en\/wp-json\/wp\/v2\/comments?post=1151"}],"version-history":[{"count":158,"href":"https:\/\/www.folkehjaelp.dk\/en\/wp-json\/wp\/v2\/pages\/1151\/revisions"}],"predecessor-version":[{"id":6731,"href":"https:\/\/www.folkehjaelp.dk\/en\/wp-json\/wp\/v2\/pages\/1151\/revisions\/6731"}],"up":[{"embeddable":true,"href":"https:\/\/www.folkehjaelp.dk\/en\/wp-json\/wp\/v2\/pages\/661"}],"wp:attachment":[{"href":"https:\/\/www.folkehjaelp.dk\/en\/wp-json\/wp\/v2\/media?parent=1151"}],"curies":[{"name":"wp","href":"https:\/\/api.w.org\/{rel}","templated":true}]}}