{"id":1438,"date":"2025-09-15T11:16:42","date_gmt":"2025-09-15T11:16:42","guid":{"rendered":"https:\/\/www.folkehjaelp.dk\/cvm25\/?page_id=1438"},"modified":"2026-04-09T11:18:21","modified_gmt":"2026-04-09T11:18:21","slug":"skolestartshjaelp","status":"publish","type":"page","link":"https:\/\/www.folkehjaelp.dk\/en\/folkehjaelpen-i-danmark\/direkte-stotte\/skolestartshjaelp\/","title":{"rendered":"School start assistance"},"content":{"rendered":"\t\t<div data-elementor-type=\"wp-page\" data-elementor-id=\"1438\" class=\"elementor elementor-1438\" data-elementor-post-type=\"page\">\n\t\t\t\t<div class=\"elementor-element elementor-element-1bd9a9d elementor-hidden-mobile e-flex e-con-boxed elementor-invisible e-con e-parent\" data-id=\"1bd9a9d\" data-element_type=\"container\" data-e-type=\"container\" data-settings=\"{&quot;jet_parallax_layout_list&quot;:[],&quot;animation&quot;:&quot;fadeIn&quot;}\">\n\t\t\t\t\t<div class=\"e-con-inner\">\n\t\t<div class=\"elementor-element elementor-element-65c625f e-con-full e-flex e-con e-child\" data-id=\"65c625f\" data-element_type=\"container\" data-e-type=\"container\" data-settings=\"{&quot;background_background&quot;:&quot;classic&quot;,&quot;jet_parallax_layout_list&quot;:[]}\">\n\t\t\t\t<div class=\"elementor-element elementor-element-7a79d40 elementor-invisible elementor-widget elementor-widget-heading\" data-id=\"7a79d40\" data-element_type=\"widget\" data-e-type=\"widget\" data-settings=\"{&quot;_animation&quot;:&quot;fadeIn&quot;}\" data-widget_type=\"heading.default\">\n\t\t\t\t\t<h1 class=\"elementor-heading-title elementor-size-default\">SKOLESTARTHJ\u00c6LP<\/h1>\t\t\t\t<\/div>\n\t\t\t\t<div class=\"elementor-element elementor-element-e3846bf elementor-invisible elementor-widget elementor-widget-text-editor\" data-id=\"e3846bf\" data-element_type=\"widget\" data-e-type=\"widget\" data-settings=\"{&quot;_animation&quot;:&quot;fadeIn&quot;}\" data-widget_type=\"text-editor.default\">\n\t\t\t\t\t\t\t\t\t<p>En tryg skolestart til b\u00f8rn i <br \/>\u00f8konomisk tr\u00e6ngte familier<\/p>\t\t\t\t\t\t\t\t<\/div>\n\t\t\t\t<\/div>\n\t\t<div class=\"elementor-element elementor-element-ee1e9e3 e-con-full e-flex e-con e-child\" data-id=\"ee1e9e3\" data-element_type=\"container\" data-e-type=\"container\" data-settings=\"{&quot;background_background&quot;:&quot;classic&quot;,&quot;jet_parallax_layout_list&quot;:[]}\">\n\t\t\t\t<\/div>\n\t\t\t\t\t<\/div>\n\t\t\t\t<\/div>\n\t\t<div class=\"elementor-element elementor-element-2aad011 elementor-hidden-desktop elementor-hidden-tablet e-flex e-con-boxed e-con e-parent\" data-id=\"2aad011\" data-element_type=\"container\" data-e-type=\"container\" data-settings=\"{&quot;jet_parallax_layout_list&quot;:[],&quot;animation_mobile&quot;:&quot;fadeIn&quot;}\">\n\t\t\t\t\t<div class=\"e-con-inner\">\n\t\t<div class=\"elementor-element elementor-element-8141a7b e-con-full e-flex e-con e-child\" data-id=\"8141a7b\" data-element_type=\"container\" data-e-type=\"container\" data-settings=\"{&quot;jet_parallax_layout_list&quot;:[]}\">\n\t\t<div class=\"elementor-element elementor-element-6439519 e-con-full animated-fast e-flex e-con e-child\" data-id=\"6439519\" data-element_type=\"container\" data-e-type=\"container\" data-settings=\"{&quot;background_background&quot;:&quot;classic&quot;,&quot;jet_parallax_layout_list&quot;:[],&quot;animation&quot;:&quot;none&quot;}\">\n\t\t<div class=\"elementor-element elementor-element-043b39c e-con-full e-flex e-con e-child\" data-id=\"043b39c\" data-element_type=\"container\" data-e-type=\"container\" data-settings=\"{&quot;jet_parallax_layout_list&quot;:[]}\">\n\t\t\t\t<div class=\"elementor-element elementor-element-a077b78 animated-slow elementor-invisible elementor-widget elementor-widget-heading\" data-id=\"a077b78\" data-element_type=\"widget\" data-e-type=\"widget\" data-settings=\"{&quot;_animation&quot;:&quot;fadeIn&quot;}\" data-widget_type=\"heading.default\">\n\t\t\t\t\t<h4 class=\"elementor-heading-title elementor-size-default\">skolestart<\/h4>\t\t\t\t<\/div>\n\t\t\t\t<div class=\"elementor-element elementor-element-3284ab2 elementor-widget elementor-widget-heading\" data-id=\"3284ab2\" data-element_type=\"widget\" data-e-type=\"widget\" data-widget_type=\"heading.default\">\n\t\t\t\t\t<h2 class=\"elementor-heading-title elementor-size-default\">En tryg skolestart for b\u00f8rn i fattige familier<\/h2>\t\t\t\t<\/div>\n\t\t\t\t<\/div>\n\t\t\t\t<\/div>\n\t\t\t\t<\/div>\n\t\t\t\t\t<\/div>\n\t\t\t\t<\/div>\n\t\t<div class=\"elementor-element elementor-element-4afcb62 e-flex e-con-boxed elementor-invisible e-con e-parent\" data-id=\"4afcb62\" data-element_type=\"container\" data-e-type=\"container\" data-settings=\"{&quot;jet_parallax_layout_list&quot;:[],&quot;animation&quot;:&quot;fadeIn&quot;}\">\n\t\t\t\t\t<div class=\"e-con-inner\">\n\t\t<div class=\"elementor-element elementor-element-239536f e-con-full e-flex e-con e-child\" data-id=\"239536f\" data-element_type=\"container\" data-e-type=\"container\" data-settings=\"{&quot;jet_parallax_layout_list&quot;:[]}\">\n\t\t\t\t<div class=\"elementor-element elementor-element-d890116 elementor-invisible elementor-widget elementor-widget-text-editor\" data-id=\"d890116\" data-element_type=\"widget\" data-e-type=\"widget\" data-settings=\"{&quot;_animation&quot;:&quot;fadeIn&quot;}\" data-widget_type=\"text-editor.default\">\n\t\t\t\t\t\t\t\t\t<p>alle b\u00f8rn skal h\u00f8re til i f\u00e6llesskabet<\/p>\t\t\t\t\t\t\t\t<\/div>\n\t\t\t\t<\/div>\n\t\t<div class=\"elementor-element elementor-element-61c6e56 e-con-full e-flex e-con e-child\" data-id=\"61c6e56\" data-element_type=\"container\" data-e-type=\"container\" data-settings=\"{&quot;jet_parallax_layout_list&quot;:[],&quot;background_background&quot;:&quot;classic&quot;}\">\n\t\t\t\t<div class=\"elementor-element elementor-element-f49cf7f elementor-widget elementor-widget-text-editor\" data-id=\"f49cf7f\" data-element_type=\"widget\" data-e-type=\"widget\" data-widget_type=\"text-editor.default\">\n\t\t\t\t\t\t\t\t\t<p>For langt de fleste b\u00f8rn er allerf\u00f8rste skoledag forbundet med sp\u00e6nding og gl\u00e6de. For \u00f8konomisk tr\u00e6ngte familier kan den store dag give bekymringer, fordi der ikke er penge nok til at k\u00f8be skolesager.<\/p><p>I Dansk Folkehj\u00e6lp \u00f8nsker vi med Skolestarthj\u00e6lp at sikre, at flere b\u00f8rn fra \u00f8konomisk tr\u00e6ngte familier f\u00e5r en tryg skolestart \u2013 pr\u00e6cis som alle de andre b\u00f8rn. En skolestart uden bekymringer og med et st\u00e6rkere udgangspunkt for at kunne m\u00f8de stolt og forventningsfuld op til f\u00f8rste skoledag med f\u00f8lelsen af at v\u00e6re en del af f\u00e6llesskabet. Den f\u00f8lelse er afg\u00f8rende for b\u00f8rns trivsel.<\/p><p>Skolestarthj\u00e6lp best\u00e5r af et gavekort. Med gavekortet har familien mulighed for at k\u00f8be skolesager som skoletaske, penalhus og andet udstyr.<\/p><p>Det er muligt at s\u00f8ge Skolestartshj\u00e6lp fra d. 1. april t.o.m. d. 30. april, via vores <a href=\"https:\/\/ansogning.folkehjaelp.dk\/\">ans\u00f8gningsportal<\/a>.\u00a0<br \/><br \/>Skolestartshj\u00e6lp er bl.a. st\u00f8ttet af Sagitta Charity Foundation.\u00a0<\/p>\t\t\t\t\t\t\t\t<\/div>\n\t\t\t\t<\/div>\n\t\t\t\t\t<\/div>\n\t\t\t\t<\/div>\n\t\t<div class=\"elementor-element elementor-element-a1cc102 e-flex e-con-boxed elementor-invisible e-con e-parent\" data-id=\"a1cc102\" data-element_type=\"container\" data-e-type=\"container\" data-settings=\"{&quot;jet_parallax_layout_list&quot;:[],&quot;background_background&quot;:&quot;classic&quot;,&quot;animation&quot;:&quot;fadeIn&quot;}\">\n\t\t\t\t\t<div class=\"e-con-inner\">\n\t\t<div class=\"elementor-element elementor-element-57d0b94 e-con-full elementor-hidden-mobile e-flex elementor-invisible e-con e-child\" data-id=\"57d0b94\" data-element_type=\"container\" data-e-type=\"container\" data-settings=\"{&quot;jet_parallax_layout_list&quot;:[],&quot;background_background&quot;:&quot;classic&quot;,&quot;animation&quot;:&quot;fadeIn&quot;}\">\n\t\t\t\t<\/div>\n\t\t<div class=\"elementor-element elementor-element-4bf8e80 e-con-full e-flex e-con e-child\" data-id=\"4bf8e80\" data-element_type=\"container\" data-e-type=\"container\" data-settings=\"{&quot;jet_parallax_layout_list&quot;:[],&quot;background_background&quot;:&quot;classic&quot;}\">\n\t\t\t\t<div class=\"elementor-element elementor-element-3809f53 animated-slow elementor-invisible elementor-widget elementor-widget-heading\" data-id=\"3809f53\" data-element_type=\"widget\" data-e-type=\"widget\" data-settings=\"{&quot;_animation&quot;:&quot;fadeIn&quot;}\" data-widget_type=\"heading.default\">\n\t\t\t\t\t<h2 class=\"elementor-heading-title elementor-size-default\">ALEXANDER FIK SKOLESTARTHJ\u00c6LP<\/h2>\t\t\t\t<\/div>\n\t\t\t\t<div class=\"elementor-element elementor-element-f07d7b0 animated-slow elementor-invisible elementor-widget elementor-widget-heading\" data-id=\"f07d7b0\" data-element_type=\"widget\" data-e-type=\"widget\" data-settings=\"{&quot;_animation&quot;:&quot;fadeIn&quot;}\" data-widget_type=\"heading.default\">\n\t\t\t\t\t<h1 class=\"elementor-heading-title elementor-size-default\">\"Det er s\u00e5 dejligt, at nogen <br> t\u00e6nker p\u00e5 os\"<\/h1>\t\t\t\t<\/div>\n\t\t\t\t<div class=\"elementor-element elementor-element-427bdb1 elementor-invisible elementor-widget elementor-widget-text-editor\" data-id=\"427bdb1\" data-element_type=\"widget\" data-e-type=\"widget\" data-settings=\"{&quot;_animation&quot;:&quot;fadeIn&quot;}\" data-widget_type=\"text-editor.default\">\n\t\t\t\t\t\t\t\t\t<p>Poul-Erik og s\u00f8nnen Alexander p\u00e5 6 \u00e5r fik Skolestartshj\u00e6lp.<\/p><p><br \/>&#8220;Hvis jeg ikke havde f\u00e5et Skolestartshj\u00e6lp, s\u00e5 kunne jeg ikke have givet det samme til Alexander, som alle de andre b\u00f8rn f\u00e5r til deres skolestart. Der er ikke noget st\u00f8rre her i livet end at gl\u00e6de ham.&#8221;<\/p>\t\t\t\t\t\t\t\t<\/div>\n\t\t\t\t<\/div>\n\t\t\t\t\t<\/div>\n\t\t\t\t<\/div>\n\t\t<div class=\"elementor-element elementor-element-4fadc49 elementor-hidden-desktop elementor-hidden-tablet e-flex e-con-boxed e-con e-parent\" data-id=\"4fadc49\" data-element_type=\"container\" data-e-type=\"container\" data-settings=\"{&quot;jet_parallax_layout_list&quot;:[],&quot;animation_mobile&quot;:&quot;fadeIn&quot;}\">\n\t\t\t\t\t<div class=\"e-con-inner\">\n\t\t<div class=\"elementor-element elementor-element-ee7ac0f e-con-full e-flex elementor-invisible e-con e-child\" data-id=\"ee7ac0f\" data-element_type=\"container\" data-e-type=\"container\" data-settings=\"{&quot;jet_parallax_layout_list&quot;:[],&quot;background_background&quot;:&quot;classic&quot;,&quot;animation&quot;:&quot;fadeIn&quot;}\">\n\t\t\t\t<\/div>\n\t\t\t\t\t<\/div>\n\t\t\t\t<\/div>\n\t\t<div class=\"elementor-element elementor-element-a613585 e-flex e-con-boxed elementor-invisible e-con e-parent\" data-id=\"a613585\" data-element_type=\"container\" data-e-type=\"container\" data-settings=\"{&quot;jet_parallax_layout_list&quot;:[],&quot;animation&quot;:&quot;fadeIn&quot;}\">\n\t\t\t\t\t<div class=\"e-con-inner\">\n\t\t<div class=\"elementor-element elementor-element-b788772 e-con-full animated-fast e-flex e-con e-child\" data-id=\"b788772\" data-element_type=\"container\" data-e-type=\"container\" data-settings=\"{&quot;background_background&quot;:&quot;classic&quot;,&quot;jet_parallax_layout_list&quot;:[],&quot;animation&quot;:&quot;none&quot;}\">\n\t\t<div class=\"elementor-element elementor-element-4fadb6b e-con-full e-flex e-con e-child\" data-id=\"4fadb6b\" data-element_type=\"container\" data-e-type=\"container\" data-settings=\"{&quot;jet_parallax_layout_list&quot;:[]}\">\n\t\t\t\t<div class=\"elementor-element elementor-element-a97702a animated-slow elementor-invisible elementor-widget elementor-widget-heading\" data-id=\"a97702a\" data-element_type=\"widget\" data-e-type=\"widget\" data-settings=\"{&quot;_animation&quot;:&quot;fadeIn&quot;}\" data-widget_type=\"heading.default\">\n\t\t\t\t\t<h1 class=\"elementor-heading-title elementor-size-default\">1.451 b\u00f8rn fra \u00f8konomisk tr\u00e6ngte familier modtog Skolestartshj\u00e6lp i 2024<\/h1>\t\t\t\t<\/div>\n\t\t\t\t<div class=\"elementor-element elementor-element-57b8df6 elementor-absolute elementor-hidden-desktop elementor-hidden-tablet elementor-widget elementor-widget-image\" data-id=\"57b8df6\" data-element_type=\"widget\" data-e-type=\"widget\" data-settings=\"{&quot;_position&quot;:&quot;absolute&quot;,&quot;motion_fx_motion_fx_scrolling&quot;:&quot;yes&quot;,&quot;motion_fx_translateY_effect&quot;:&quot;yes&quot;,&quot;motion_fx_translateY_direction&quot;:&quot;negative&quot;,&quot;motion_fx_translateY_speed&quot;:{&quot;unit&quot;:&quot;px&quot;,&quot;size&quot;:2,&quot;sizes&quot;:[]},&quot;motion_fx_translateY_affectedRange&quot;:{&quot;unit&quot;:&quot;%&quot;,&quot;size&quot;:&quot;&quot;,&quot;sizes&quot;:{&quot;start&quot;:0,&quot;end&quot;:100}},&quot;motion_fx_devices&quot;:[&quot;desktop&quot;,&quot;tablet&quot;,&quot;mobile&quot;]}\" data-widget_type=\"image.default\">\n\t\t\t\t\t\t\t\t\t\t\t\t\t\t\t<img decoding=\"async\" width=\"150\" height=\"150\" src=\"https:\/\/www.folkehjaelp.dk\/cvm25\/wp-content\/uploads\/2025\/09\/DFH_Illustration_Skoletaske-150x150.png\" class=\"attachment-thumbnail size-thumbnail wp-image-1453\" alt=\"\" srcset=\"https:\/\/www.folkehjaelp.dk\/cvm25\/wp-content\/uploads\/2025\/09\/DFH_Illustration_Skoletaske-150x150.png 150w, https:\/\/www.folkehjaelp.dk\/cvm25\/wp-content\/uploads\/2025\/09\/DFH_Illustration_Skoletaske-300x300.png 300w, https:\/\/www.folkehjaelp.dk\/cvm25\/wp-content\/uploads\/2025\/09\/DFH_Illustration_Skoletaske-1024x1024.png 1024w, https:\/\/www.folkehjaelp.dk\/cvm25\/wp-content\/uploads\/2025\/09\/DFH_Illustration_Skoletaske-768x768.png 768w, https:\/\/www.folkehjaelp.dk\/cvm25\/wp-content\/uploads\/2025\/09\/DFH_Illustration_Skoletaske-1536x1536.png 1536w, https:\/\/www.folkehjaelp.dk\/cvm25\/wp-content\/uploads\/2025\/09\/DFH_Illustration_Skoletaske-2048x2048.png 2048w\" sizes=\"(max-width: 150px) 100vw, 150px\" \/>\t\t\t\t\t\t\t\t\t\t\t\t\t\t\t<\/div>\n\t\t\t\t<div class=\"elementor-element elementor-element-fbf6a73 elementor-absolute elementor-hidden-mobile elementor-widget elementor-widget-image\" data-id=\"fbf6a73\" data-element_type=\"widget\" data-e-type=\"widget\" data-settings=\"{&quot;_position&quot;:&quot;absolute&quot;,&quot;motion_fx_motion_fx_scrolling&quot;:&quot;yes&quot;,&quot;motion_fx_translateY_effect&quot;:&quot;yes&quot;,&quot;motion_fx_translateY_direction&quot;:&quot;negative&quot;,&quot;motion_fx_translateY_speed&quot;:{&quot;unit&quot;:&quot;px&quot;,&quot;size&quot;:2,&quot;sizes&quot;:[]},&quot;motion_fx_translateY_affectedRange&quot;:{&quot;unit&quot;:&quot;%&quot;,&quot;size&quot;:&quot;&quot;,&quot;sizes&quot;:{&quot;start&quot;:0,&quot;end&quot;:100}},&quot;motion_fx_devices&quot;:[&quot;desktop&quot;,&quot;tablet&quot;,&quot;mobile&quot;]}\" data-widget_type=\"image.default\">\n\t\t\t\t\t\t\t\t\t\t\t\t\t\t\t<img fetchpriority=\"high\" decoding=\"async\" width=\"300\" height=\"300\" src=\"https:\/\/www.folkehjaelp.dk\/cvm25\/wp-content\/uploads\/2025\/09\/DFH_Illustration_Skoletaske-300x300.png\" class=\"attachment-medium size-medium wp-image-1453\" alt=\"\" srcset=\"https:\/\/www.folkehjaelp.dk\/cvm25\/wp-content\/uploads\/2025\/09\/DFH_Illustration_Skoletaske-300x300.png 300w, https:\/\/www.folkehjaelp.dk\/cvm25\/wp-content\/uploads\/2025\/09\/DFH_Illustration_Skoletaske-1024x1024.png 1024w, https:\/\/www.folkehjaelp.dk\/cvm25\/wp-content\/uploads\/2025\/09\/DFH_Illustration_Skoletaske-150x150.png 150w, https:\/\/www.folkehjaelp.dk\/cvm25\/wp-content\/uploads\/2025\/09\/DFH_Illustration_Skoletaske-768x768.png 768w, https:\/\/www.folkehjaelp.dk\/cvm25\/wp-content\/uploads\/2025\/09\/DFH_Illustration_Skoletaske-1536x1536.png 1536w, https:\/\/www.folkehjaelp.dk\/cvm25\/wp-content\/uploads\/2025\/09\/DFH_Illustration_Skoletaske-2048x2048.png 2048w\" sizes=\"(max-width: 300px) 100vw, 300px\" \/>\t\t\t\t\t\t\t\t\t\t\t\t\t\t\t<\/div>\n\t\t\t\t<\/div>\n\t\t\t\t<\/div>\n\t\t\t\t\t<\/div>\n\t\t\t\t<\/div>\n\t\t\t\t<\/div>\n\t\t","protected":false},"excerpt":{"rendered":"<p>SKOLESTARTHJ\u00c6LP En tryg skolestart til b\u00f8rn i \u00f8konomisk tr\u00e6ngte familier skolestart En tryg skolestart for b\u00f8rn i fattige familier alle b\u00f8rn skal h\u00f8re til i f\u00e6llesskabet For langt de fleste b\u00f8rn er allerf\u00f8rste skoledag forbundet med sp\u00e6nding og gl\u00e6de. For \u00f8konomisk tr\u00e6ngte familier kan den store dag give bekymringer, fordi der ikke er penge nok [&hellip;]<\/p>\n","protected":false},"author":2,"featured_media":0,"parent":661,"menu_order":0,"comment_status":"closed","ping_status":"closed","template":"","meta":{"footnotes":""},"class_list":["post-1438","page","type-page","status-publish","hentry"],"_links":{"self":[{"href":"https:\/\/www.folkehjaelp.dk\/en\/wp-json\/wp\/v2\/pages\/1438","targetHints":{"allow":["GET"]}}],"collection":[{"href":"https:\/\/www.folkehjaelp.dk\/en\/wp-json\/wp\/v2\/pages"}],"about":[{"href":"https:\/\/www.folkehjaelp.dk\/en\/wp-json\/wp\/v2\/types\/page"}],"author":[{"embeddable":true,"href":"https:\/\/www.folkehjaelp.dk\/en\/wp-json\/wp\/v2\/users\/2"}],"replies":[{"embeddable":true,"href":"https:\/\/www.folkehjaelp.dk\/en\/wp-json\/wp\/v2\/comments?post=1438"}],"version-history":[{"count":77,"href":"https:\/\/www.folkehjaelp.dk\/en\/wp-json\/wp\/v2\/pages\/1438\/revisions"}],"predecessor-version":[{"id":6755,"href":"https:\/\/www.folkehjaelp.dk\/en\/wp-json\/wp\/v2\/pages\/1438\/revisions\/6755"}],"up":[{"embeddable":true,"href":"https:\/\/www.folkehjaelp.dk\/en\/wp-json\/wp\/v2\/pages\/661"}],"wp:attachment":[{"href":"https:\/\/www.folkehjaelp.dk\/en\/wp-json\/wp\/v2\/media?parent=1438"}],"curies":[{"name":"wp","href":"https:\/\/api.w.org\/{rel}","templated":true}]}}