{"id":1886,"date":"2025-09-19T07:38:55","date_gmt":"2025-09-19T07:38:55","guid":{"rendered":"https:\/\/www.folkehjaelp.dk\/cvm25\/?page_id=1886"},"modified":"2025-11-24T14:00:22","modified_gmt":"2025-11-24T14:00:22","slug":"familiet","status":"publish","type":"page","link":"https:\/\/www.folkehjaelp.dk\/en\/folkehjaelpen-i-danmark\/helhedsorienterede-indsatser\/familiet\/","title":{"rendered":"FamilyNet"},"content":{"rendered":"<div data-elementor-type=\"wp-page\" data-elementor-id=\"1886\" class=\"elementor elementor-1886\" data-elementor-post-type=\"page\">\n\t\t\t\t<div class=\"elementor-element elementor-element-7d29433 elementor-hidden-mobile e-flex e-con-boxed e-con e-parent\" data-id=\"7d29433\" data-element_type=\"container\" data-e-type=\"container\" data-settings=\"{&quot;jet_parallax_layout_list&quot;:[]}\">\n\t\t\t\t\t<div class=\"e-con-inner\">\n\t\t<div class=\"elementor-element elementor-element-80a6af9 e-con-full e-flex e-con e-child\" data-id=\"80a6af9\" data-element_type=\"container\" data-e-type=\"container\" data-settings=\"{&quot;background_background&quot;:&quot;classic&quot;,&quot;jet_parallax_layout_list&quot;:[]}\">\n\t\t\t\t<div class=\"elementor-element elementor-element-6098b73 elementor-invisible elementor-widget elementor-widget-heading\" data-id=\"6098b73\" data-element_type=\"widget\" data-e-type=\"widget\" data-settings=\"{&quot;_animation&quot;:&quot;fadeIn&quot;}\" data-widget_type=\"heading.default\">\n\t\t\t\t\t<h1 class=\"elementor-heading-title elementor-size-default\">THE FAMILY<\/h1>\t\t\t\t<\/div>\n\t\t\t\t<div class=\"elementor-element elementor-element-f7b8582 elementor-invisible elementor-widget elementor-widget-text-editor\" data-id=\"f7b8582\" data-element_type=\"widget\" data-e-type=\"widget\" data-settings=\"{&quot;_animation&quot;:&quot;fadeIn&quot;}\" data-widget_type=\"text-editor.default\">\n\t\t\t\t\t\t\t\t\t<p>Communities for families in vulnerable life positions<\/p>\t\t\t\t\t\t\t\t<\/div>\n\t\t\t\t<\/div>\n\t\t<div class=\"elementor-element elementor-element-4841d63 e-con-full e-flex e-con e-child\" data-id=\"4841d63\" data-element_type=\"container\" data-e-type=\"container\" data-settings=\"{&quot;background_background&quot;:&quot;classic&quot;,&quot;jet_parallax_layout_list&quot;:[]}\">\n\t\t\t\t<\/div>\n\t\t\t\t\t<\/div>\n\t\t\t\t<\/div>\n\t\t<div class=\"elementor-element elementor-element-2af9a4c elementor-hidden-desktop elementor-hidden-tablet e-flex e-con-boxed e-con e-parent\" data-id=\"2af9a4c\" data-element_type=\"container\" data-e-type=\"container\" data-settings=\"{&quot;jet_parallax_layout_list&quot;:[]}\">\n\t\t\t\t\t<div class=\"e-con-inner\">\n\t\t<div class=\"elementor-element elementor-element-78a2d22 e-con-full e-flex e-con e-child\" data-id=\"78a2d22\" data-element_type=\"container\" data-e-type=\"container\" data-settings=\"{&quot;jet_parallax_layout_list&quot;:[]}\">\n\t\t<div class=\"elementor-element elementor-element-b1c1ac0 e-con-full animated-fast e-flex e-con e-child\" data-id=\"b1c1ac0\" data-element_type=\"container\" data-e-type=\"container\" data-settings=\"{&quot;background_background&quot;:&quot;classic&quot;,&quot;jet_parallax_layout_list&quot;:[],&quot;animation&quot;:&quot;none&quot;}\">\n\t\t<div class=\"elementor-element elementor-element-6c1d2c6 e-con-full e-flex e-con e-child\" data-id=\"6c1d2c6\" data-element_type=\"container\" data-e-type=\"container\" data-settings=\"{&quot;jet_parallax_layout_list&quot;:[]}\">\n\t\t\t\t<div class=\"elementor-element elementor-element-de9b320 animated-slow elementor-invisible elementor-widget elementor-widget-heading\" data-id=\"de9b320\" data-element_type=\"widget\" data-e-type=\"widget\" data-settings=\"{&quot;_animation&quot;:&quot;fadeIn&quot;}\" data-widget_type=\"heading.default\">\n\t\t\t\t\t<h4 class=\"elementor-heading-title elementor-size-default\">family network<\/h4>\t\t\t\t<\/div>\n\t\t\t\t<div class=\"elementor-element elementor-element-37f5430 elementor-widget elementor-widget-heading\" data-id=\"37f5430\" data-element_type=\"widget\" data-e-type=\"widget\" data-widget_type=\"heading.default\">\n\t\t\t\t\t<h2 class=\"elementor-heading-title elementor-size-default\">Communities for families with children<\/h2>\t\t\t\t<\/div>\n\t\t\t\t<\/div>\n\t\t\t\t<\/div>\n\t\t\t\t<\/div>\n\t\t\t\t\t<\/div>\n\t\t\t\t<\/div>\n\t\t<div class=\"elementor-element elementor-element-3381364 e-flex e-con-boxed e-con e-parent\" data-id=\"3381364\" data-element_type=\"container\" data-e-type=\"container\" data-settings=\"{&quot;jet_parallax_layout_list&quot;:[]}\">\n\t\t\t\t\t<div class=\"e-con-inner\">\n\t\t<div class=\"elementor-element elementor-element-4873ae4 e-con-full e-flex e-con e-child\" data-id=\"4873ae4\" data-element_type=\"container\" data-e-type=\"container\" data-settings=\"{&quot;jet_parallax_layout_list&quot;:[]}\">\n\t\t\t\t<div class=\"elementor-element elementor-element-c9d1ef6 elementor-hidden-tablet elementor-hidden-mobile elementor-invisible elementor-widget elementor-widget-text-editor\" data-id=\"c9d1ef6\" data-element_type=\"widget\" data-e-type=\"widget\" data-settings=\"{&quot;_animation&quot;:&quot;fadeIn&quot;}\" data-widget_type=\"text-editor.default\">\n\t\t\t\t\t\t\t\t\t<p>We operate 10 family networks across Denmark.<\/p>\t\t\t\t\t\t\t\t<\/div>\n\t\t\t\t<div class=\"elementor-element elementor-element-5a08877 elementor-hidden-desktop elementor-invisible elementor-widget elementor-widget-text-editor\" data-id=\"5a08877\" data-element_type=\"widget\" data-e-type=\"widget\" data-settings=\"{&quot;_animation&quot;:&quot;fadeIn&quot;}\" data-widget_type=\"text-editor.default\">\n\t\t\t\t\t\t\t\t\t<p>We operate 10 family networks across Denmark.<\/p><p>\u00a0<\/p>\t\t\t\t\t\t\t\t<\/div>\n\t\t<div class=\"elementor-element elementor-element-9860203 e-con-full e-flex e-con e-child\" data-id=\"9860203\" data-element_type=\"container\" data-e-type=\"container\" data-settings=\"{&quot;jet_parallax_layout_list&quot;:[]}\">\n\t\t\t\t<div class=\"elementor-element elementor-element-aa2ee55 elementor-hidden-desktop elementor-hidden-tablet elementor-widget-divider--view-line elementor-widget elementor-widget-divider\" data-id=\"aa2ee55\" data-element_type=\"widget\" data-e-type=\"widget\" data-widget_type=\"divider.default\">\n\t\t\t\t\t\t\t<div class=\"elementor-divider\">\n\t\t\t<span class=\"elementor-divider-separator\">\n\t\t\t\t\t\t<\/span>\n\t\t<\/div>\n\t\t\t\t\t\t<\/div>\n\t\t\t\t<\/div>\n\t\t\t\t<\/div>\n\t\t<div class=\"elementor-element elementor-element-448591d e-con-full e-flex e-con e-child\" data-id=\"448591d\" data-element_type=\"container\" data-e-type=\"container\" data-settings=\"{&quot;jet_parallax_layout_list&quot;:[],&quot;background_background&quot;:&quot;classic&quot;}\">\n\t\t\t\t<div class=\"elementor-element elementor-element-c6f14b7 elementor-invisible elementor-widget elementor-widget-text-editor\" data-id=\"c6f14b7\" data-element_type=\"widget\" data-e-type=\"widget\" data-settings=\"{&quot;_animation&quot;:&quot;fadeIn&quot;}\" data-widget_type=\"text-editor.default\">\n\t\t\t\t\t\t\t\t\t<p>The purpose of FamilieNet is to provide children and adults with safe, voluntary and free communities in their local communities and, through these communities, to create the foundation for lasting social change.<\/p><p>Danish People&#039;s Aid&#039;s analyses show that many children and adults experience prejudice because they simply cannot afford what others have. Neither children nor young people face this enormous pressure when they participate in FamilieNet, because here everyone&#039;s entrance to the communities is the same.<\/p><p>In 2025 and 2026, we will work together with families with children and volunteers in our local branches and with a grant of 3.4 million kroner from the Egmont Foundation Secretariat to develop Danish People&#039;s Aid&#039;s FamilyNet.<\/p>\t\t\t\t\t\t\t\t<\/div>\n\t\t\t\t<\/div>\n\t\t\t\t\t<\/div>\n\t\t\t\t<\/div>\n\t\t<div class=\"elementor-element elementor-element-75dd9e5 e-flex e-con-boxed e-con e-parent\" data-id=\"75dd9e5\" data-element_type=\"container\" data-e-type=\"container\" data-settings=\"{&quot;jet_parallax_layout_list&quot;:[],&quot;background_background&quot;:&quot;classic&quot;}\">\n\t\t\t\t\t<div class=\"e-con-inner\">\n\t\t<div class=\"elementor-element elementor-element-b38336b e-con-full elementor-hidden-tablet elementor-hidden-mobile e-flex e-con e-child\" data-id=\"b38336b\" data-element_type=\"container\" data-e-type=\"container\" data-settings=\"{&quot;jet_parallax_layout_list&quot;:[],&quot;background_background&quot;:&quot;classic&quot;}\">\n\t\t\t\t<\/div>\n\t\t<div class=\"elementor-element elementor-element-4235f30 e-con-full e-flex e-con e-child\" data-id=\"4235f30\" data-element_type=\"container\" data-e-type=\"container\" data-settings=\"{&quot;jet_parallax_layout_list&quot;:[],&quot;background_background&quot;:&quot;classic&quot;}\">\n\t\t\t\t<div class=\"elementor-element elementor-element-effa363 animated-slow elementor-invisible elementor-widget elementor-widget-heading\" data-id=\"effa363\" data-element_type=\"widget\" data-e-type=\"widget\" data-settings=\"{&quot;_animation&quot;:&quot;fadeIn&quot;}\" data-widget_type=\"heading.default\">\n\t\t\t\t\t<h2 class=\"elementor-heading-title elementor-size-default\">FATHERS FOUND EACH OTHER IN DANISH FOLKELHJ\u00c6LP<\/h2>\t\t\t\t<\/div>\n\t\t\t\t<div class=\"elementor-element elementor-element-e1515c9 animated-slow elementor-invisible elementor-widget elementor-widget-heading\" data-id=\"e1515c9\" data-element_type=\"widget\" data-e-type=\"widget\" data-settings=\"{&quot;_animation&quot;:&quot;fadeIn&quot;}\" data-widget_type=\"heading.default\">\n\t\t\t\t\t<p class=\"elementor-heading-title elementor-size-default\">Communities with a view to friendship<\/p>\t\t\t\t<\/div>\n\t\t\t\t<div class=\"elementor-element elementor-element-37cd307 elementor-invisible elementor-widget elementor-widget-text-editor\" data-id=\"37cd307\" data-element_type=\"widget\" data-e-type=\"widget\" data-settings=\"{&quot;_animation&quot;:&quot;fadeIn&quot;}\" data-widget_type=\"text-editor.default\">\n\t\t\t\t\t\t\t\t\t<p class=\"p1\">Daniel, Peter and Anders met each other on a holiday with Danish People&#039;s Aid in the summer of 2024. Since then, they have formed a strong friendship, and now meet both in Danish People&#039;s Aid&#039;s FamilyNet and in private.<i><\/i><\/p><p>\u00a0<\/p><p class=\"p1\">\u201cIf my daughter and I didn&#039;t have the opportunity to be part of FamilieNet, we would probably stay home or do our own thing. We certainly wouldn&#039;t seek out communities on this scale.\u201d<br \/>\u2013 Daniel, single father and member of FamilieNet<\/p>\t\t\t\t\t\t\t\t<\/div>\n\t\t\t\t<\/div>\n\t\t\t\t\t<\/div>\n\t\t\t\t<\/div>\n\t\t\t\t<\/div>","protected":false},"excerpt":{"rendered":"<p>FAMILIENET F\u00e6llesskaber for familier i udsatte livspositioner familienet F\u00e6llesskaber for b\u00f8rnefamilier vi driver\u00a010 familienet p\u00e5 tv\u00e6rs af danmark vi driver\u00a010 familienet p\u00e5 tv\u00e6rs af danmark \u00a0 Form\u00e5let med FamilieNet er at give b\u00f8rn og voksne trygge, frivillige og gratis f\u00e6llesskaber i deres lokalsamfund og gennem f\u00e6llesskaberne skabe fundamentet til varige sociale forandringer. Dansk Folkehj\u00e6lps analyser [&hellip;]<\/p>\n","protected":false},"author":2,"featured_media":0,"parent":1851,"menu_order":0,"comment_status":"closed","ping_status":"closed","template":"","meta":{"footnotes":""},"class_list":["post-1886","page","type-page","status-publish","hentry"],"_links":{"self":[{"href":"https:\/\/www.folkehjaelp.dk\/en\/wp-json\/wp\/v2\/pages\/1886","targetHints":{"allow":["GET"]}}],"collection":[{"href":"https:\/\/www.folkehjaelp.dk\/en\/wp-json\/wp\/v2\/pages"}],"about":[{"href":"https:\/\/www.folkehjaelp.dk\/en\/wp-json\/wp\/v2\/types\/page"}],"author":[{"embeddable":true,"href":"https:\/\/www.folkehjaelp.dk\/en\/wp-json\/wp\/v2\/users\/2"}],"replies":[{"embeddable":true,"href":"https:\/\/www.folkehjaelp.dk\/en\/wp-json\/wp\/v2\/comments?post=1886"}],"version-history":[{"count":77,"href":"https:\/\/www.folkehjaelp.dk\/en\/wp-json\/wp\/v2\/pages\/1886\/revisions"}],"predecessor-version":[{"id":5642,"href":"https:\/\/www.folkehjaelp.dk\/en\/wp-json\/wp\/v2\/pages\/1886\/revisions\/5642"}],"up":[{"embeddable":true,"href":"https:\/\/www.folkehjaelp.dk\/en\/wp-json\/wp\/v2\/pages\/1851"}],"wp:attachment":[{"href":"https:\/\/www.folkehjaelp.dk\/en\/wp-json\/wp\/v2\/media?parent=1886"}],"curies":[{"name":"wp","href":"https:\/\/api.w.org\/{rel}","templated":true}]}}