{"id":1959,"date":"2025-09-19T09:13:33","date_gmt":"2025-09-19T09:13:33","guid":{"rendered":"https:\/\/www.folkehjaelp.dk\/cvm25\/?page_id=1959"},"modified":"2025-11-24T14:01:11","modified_gmt":"2025-11-24T14:01:11","slug":"familieringen","status":"publish","type":"page","link":"https:\/\/www.folkehjaelp.dk\/en\/folkehjaelpen-i-danmark\/helhedsorienterede-indsatser\/familieringen\/","title":{"rendered":"FamilyRing"},"content":{"rendered":"<div data-elementor-type=\"wp-page\" data-elementor-id=\"1959\" class=\"elementor elementor-1959\" data-elementor-post-type=\"page\">\n\t\t\t\t<div class=\"elementor-element elementor-element-2b6aa02 elementor-hidden-mobile e-flex e-con-boxed e-con e-parent\" data-id=\"2b6aa02\" data-element_type=\"container\" data-e-type=\"container\" data-settings=\"{&quot;jet_parallax_layout_list&quot;:[]}\">\n\t\t\t\t\t<div class=\"e-con-inner\">\n\t\t<div class=\"elementor-element elementor-element-946f3c2 e-con-full e-flex e-con e-child\" data-id=\"946f3c2\" data-element_type=\"container\" data-e-type=\"container\" data-settings=\"{&quot;background_background&quot;:&quot;classic&quot;,&quot;jet_parallax_layout_list&quot;:[]}\">\n\t\t\t\t<div class=\"elementor-element elementor-element-2d92852 elementor-invisible elementor-widget elementor-widget-heading\" data-id=\"2d92852\" data-element_type=\"widget\" data-e-type=\"widget\" data-settings=\"{&quot;_animation&quot;:&quot;fadeIn&quot;}\" data-widget_type=\"heading.default\">\n\t\t\t\t\t<h1 class=\"elementor-heading-title elementor-size-default\">AN ACTIVITY AND COMMUNITY HOUSE FOR FAMILIES WITH CHILDREN<\/h1>\t\t\t\t<\/div>\n\t\t\t\t<div class=\"elementor-element elementor-element-efff14a elementor-invisible elementor-widget elementor-widget-text-editor\" data-id=\"efff14a\" data-element_type=\"widget\" data-e-type=\"widget\" data-settings=\"{&quot;_animation&quot;:&quot;fadeIn&quot;}\" data-widget_type=\"text-editor.default\">\n\t\t\t\t\t\t\t\t\tThe Family Ring gives peace of mind <br> and profit\t\t\t\t\t\t\t\t<\/div>\n\t\t\t\t<\/div>\n\t\t<div class=\"elementor-element elementor-element-e8f28f4 e-con-full e-flex e-con e-child\" data-id=\"e8f28f4\" data-element_type=\"container\" data-e-type=\"container\" data-settings=\"{&quot;background_background&quot;:&quot;classic&quot;,&quot;jet_parallax_layout_list&quot;:[]}\">\n\t\t\t\t<\/div>\n\t\t\t\t\t<\/div>\n\t\t\t\t<\/div>\n\t\t<div class=\"elementor-element elementor-element-35691d4 elementor-hidden-desktop elementor-hidden-tablet e-flex e-con-boxed e-con e-parent\" data-id=\"35691d4\" data-element_type=\"container\" data-e-type=\"container\" data-settings=\"{&quot;jet_parallax_layout_list&quot;:[]}\">\n\t\t\t\t\t<div class=\"e-con-inner\">\n\t\t<div class=\"elementor-element elementor-element-f83c132 e-con-full e-flex e-con e-child\" data-id=\"f83c132\" data-element_type=\"container\" data-e-type=\"container\" data-settings=\"{&quot;jet_parallax_layout_list&quot;:[]}\">\n\t\t<div class=\"elementor-element elementor-element-64c95f5 e-con-full animated-fast e-flex e-con e-child\" data-id=\"64c95f5\" data-element_type=\"container\" data-e-type=\"container\" data-settings=\"{&quot;background_background&quot;:&quot;classic&quot;,&quot;jet_parallax_layout_list&quot;:[],&quot;animation&quot;:&quot;none&quot;}\">\n\t\t<div class=\"elementor-element elementor-element-d0cd0e9 e-con-full e-flex e-con e-child\" data-id=\"d0cd0e9\" data-element_type=\"container\" data-e-type=\"container\" data-settings=\"{&quot;jet_parallax_layout_list&quot;:[]}\">\n\t\t\t\t<div class=\"elementor-element elementor-element-98302e5 animated-slow elementor-invisible elementor-widget elementor-widget-heading\" data-id=\"98302e5\" data-element_type=\"widget\" data-e-type=\"widget\" data-settings=\"{&quot;_animation&quot;:&quot;fadeIn&quot;}\" data-widget_type=\"heading.default\">\n\t\t\t\t\t<h4 class=\"elementor-heading-title elementor-size-default\">AN ACTIVITY AND COMMUNITY HOUSE FOR FAMILIES WITH CHILDREN<\/h4>\t\t\t\t<\/div>\n\t\t\t\t<div class=\"elementor-element elementor-element-60884e5 elementor-widget elementor-widget-heading\" data-id=\"60884e5\" data-element_type=\"widget\" data-e-type=\"widget\" data-widget_type=\"heading.default\">\n\t\t\t\t\t<h2 class=\"elementor-heading-title elementor-size-default\">FamilyRing<\/h2>\t\t\t\t<\/div>\n\t\t\t\t<\/div>\n\t\t\t\t<\/div>\n\t\t\t\t<\/div>\n\t\t\t\t\t<\/div>\n\t\t\t\t<\/div>\n\t\t<div class=\"elementor-element elementor-element-b085501 e-flex e-con-boxed e-con e-parent\" data-id=\"b085501\" data-element_type=\"container\" data-e-type=\"container\" data-settings=\"{&quot;jet_parallax_layout_list&quot;:[]}\">\n\t\t\t\t\t<div class=\"e-con-inner\">\n\t\t<div class=\"elementor-element elementor-element-6c599c9 e-con-full e-flex e-con e-child\" data-id=\"6c599c9\" data-element_type=\"container\" data-e-type=\"container\" data-settings=\"{&quot;jet_parallax_layout_list&quot;:[]}\">\n\t\t\t\t<div class=\"elementor-element elementor-element-35d4abd elementor-invisible elementor-widget elementor-widget-text-editor\" data-id=\"35d4abd\" data-element_type=\"widget\" data-e-type=\"widget\" data-settings=\"{&quot;_animation&quot;:&quot;fadeIn&quot;}\" data-widget_type=\"text-editor.default\">\n\t\t\t\t\t\t\t\t\t<p>back on track<\/p>\t\t\t\t\t\t\t\t<\/div>\n\t\t\t\t<\/div>\n\t\t<div class=\"elementor-element elementor-element-c0a69b2 e-con-full e-flex e-con e-child\" data-id=\"c0a69b2\" data-element_type=\"container\" data-e-type=\"container\" data-settings=\"{&quot;jet_parallax_layout_list&quot;:[],&quot;background_background&quot;:&quot;classic&quot;}\">\n\t\t\t\t<div class=\"elementor-element elementor-element-94b63dd elementor-invisible elementor-widget elementor-widget-text-editor\" data-id=\"94b63dd\" data-element_type=\"widget\" data-e-type=\"widget\" data-settings=\"{&quot;_animation&quot;:&quot;fadeIn&quot;}\" data-widget_type=\"text-editor.default\">\n\t\t\t\t\t\t\t\t\t<div class=\"fl-col fl-node-eaf5lqi43t12 fl-col-bg-color fl-col-small\" data-node=\"eaf5lqi43t12\"><div class=\"fl-col-content fl-node-content\"><div class=\"fl-module fl-module-rich-text fl-node-bf6r5x94i7e3\" data-node=\"bf6r5x94i7e3\"><div class=\"fl-module-content fl-node-content\"><div class=\"fl-rich-text\"><p>FamilieRingen is run in partnership with Lolland Municipality. The house is a place where families who are already part of a municipal effort can come and participate in networking and skills-building activities. All in collaboration with volunteers and local associations.<\/p><\/div><\/div><\/div><\/div><\/div><div class=\"fl-col fl-node-y3exv8s5hlpz fl-col-bg-color fl-col-small\" data-node=\"y3exv8s5hlpz\"><div class=\"fl-col-content fl-node-content\"><div class=\"fl-module fl-module-rich-text fl-node-uqjg0d1a2t3k\" data-node=\"uqjg0d1a2t3k\"><div class=\"fl-module-content fl-node-content\"><div class=\"fl-rich-text\"><p>The goal is to improve the family life of vulnerable children and parents, strengthen their social networks across civil society, and create opportunities for families to get back on track.<\/p><p>FamilieRingen is located on Lolland and is supported by the Velux Foundation and Ole Kirk&#039;s foundation.<\/p><\/div><\/div><\/div><\/div><\/div>\t\t\t\t\t\t\t\t<\/div>\n\t\t\t\t<\/div>\n\t\t\t\t\t<\/div>\n\t\t\t\t<\/div>\n\t\t<div class=\"elementor-element elementor-element-8a4463e e-flex e-con-boxed e-con e-parent\" data-id=\"8a4463e\" data-element_type=\"container\" data-e-type=\"container\" data-settings=\"{&quot;jet_parallax_layout_list&quot;:[],&quot;background_background&quot;:&quot;classic&quot;}\">\n\t\t\t\t\t<div class=\"e-con-inner\">\n\t\t<div class=\"elementor-element elementor-element-0444095 e-con-full elementor-hidden-tablet elementor-hidden-mobile e-flex e-con e-child\" data-id=\"0444095\" data-element_type=\"container\" data-e-type=\"container\" data-settings=\"{&quot;jet_parallax_layout_list&quot;:[],&quot;background_background&quot;:&quot;classic&quot;}\">\n\t\t\t\t<\/div>\n\t\t<div class=\"elementor-element elementor-element-454af39 e-con-full e-flex e-con e-child\" data-id=\"454af39\" data-element_type=\"container\" data-e-type=\"container\" data-settings=\"{&quot;jet_parallax_layout_list&quot;:[],&quot;background_background&quot;:&quot;classic&quot;}\">\n\t\t\t\t<div class=\"elementor-element elementor-element-82aad38 animated-slow elementor-invisible elementor-widget elementor-widget-heading\" data-id=\"82aad38\" data-element_type=\"widget\" data-e-type=\"widget\" data-settings=\"{&quot;_animation&quot;:&quot;fadeIn&quot;}\" data-widget_type=\"heading.default\">\n\t\t\t\t\t<h2 class=\"elementor-heading-title elementor-size-default\">COMMUNITY AND GUIDANCE<\/h2>\t\t\t\t<\/div>\n\t\t\t\t<div class=\"elementor-element elementor-element-cd377e1 animated-slow elementor-invisible elementor-widget elementor-widget-heading\" data-id=\"cd377e1\" data-element_type=\"widget\" data-e-type=\"widget\" data-settings=\"{&quot;_animation&quot;:&quot;fadeIn&quot;}\" data-widget_type=\"heading.default\">\n\t\t\t\t\t<p class=\"elementor-heading-title elementor-size-default\">\"&quot;I had no social circle&quot;\"<\/p>\t\t\t\t<\/div>\n\t\t\t\t<div class=\"elementor-element elementor-element-70be0a7 elementor-invisible elementor-widget elementor-widget-text-editor\" data-id=\"70be0a7\" data-element_type=\"widget\" data-e-type=\"widget\" data-settings=\"{&quot;_animation&quot;:&quot;fadeIn&quot;}\" data-widget_type=\"text-editor.default\">\n\t\t\t\t\t\t\t\t\t<p class=\"p1\">Lone and her daughter have been regular visitors to FamilieRingen for five years.<br \/><br \/><i><\/i><\/p><p class=\"p1\">\u201cI didn&#039;t have a social circle, so it&#039;s great to come and be part of a community. I have a hard time understanding paperwork and MitID, so FamilieRingen has helped me get an overview.\u201d<\/p>\t\t\t\t\t\t\t\t<\/div>\n\t\t\t\t<\/div>\n\t\t\t\t\t<\/div>\n\t\t\t\t<\/div>\n\t\t\t\t<\/div>","protected":false},"excerpt":{"rendered":"<p>ET AKTIVITETS- OG F\u00c6LLESHUS FOR B\u00d8RNEFAMILIER FamilieRingen giver ro og overskud ET AKTIVITETS- OG F\u00c6LLESHUS FOR B\u00d8RNEFAMILIER FamilieRingen tilbage p\u00e5 rette spor FamilieRingen drives i partnerskab med Lolland Kommune. Huset er et sted hvor familier, der allerede er en del af en kommunal indsats, kan komme og deltage i netv\u00e6rksskabende og kompetencegivende aktiviteter. Alt sammen [&hellip;]<\/p>\n","protected":false},"author":2,"featured_media":0,"parent":1851,"menu_order":0,"comment_status":"closed","ping_status":"closed","template":"","meta":{"footnotes":""},"class_list":["post-1959","page","type-page","status-publish","hentry"],"_links":{"self":[{"href":"https:\/\/www.folkehjaelp.dk\/en\/wp-json\/wp\/v2\/pages\/1959","targetHints":{"allow":["GET"]}}],"collection":[{"href":"https:\/\/www.folkehjaelp.dk\/en\/wp-json\/wp\/v2\/pages"}],"about":[{"href":"https:\/\/www.folkehjaelp.dk\/en\/wp-json\/wp\/v2\/types\/page"}],"author":[{"embeddable":true,"href":"https:\/\/www.folkehjaelp.dk\/en\/wp-json\/wp\/v2\/users\/2"}],"replies":[{"embeddable":true,"href":"https:\/\/www.folkehjaelp.dk\/en\/wp-json\/wp\/v2\/comments?post=1959"}],"version-history":[{"count":35,"href":"https:\/\/www.folkehjaelp.dk\/en\/wp-json\/wp\/v2\/pages\/1959\/revisions"}],"predecessor-version":[{"id":5645,"href":"https:\/\/www.folkehjaelp.dk\/en\/wp-json\/wp\/v2\/pages\/1959\/revisions\/5645"}],"up":[{"embeddable":true,"href":"https:\/\/www.folkehjaelp.dk\/en\/wp-json\/wp\/v2\/pages\/1851"}],"wp:attachment":[{"href":"https:\/\/www.folkehjaelp.dk\/en\/wp-json\/wp\/v2\/media?parent=1959"}],"curies":[{"name":"wp","href":"https:\/\/api.w.org\/{rel}","templated":true}]}}