{"id":2009,"date":"2025-09-21T12:43:35","date_gmt":"2025-09-21T12:43:35","guid":{"rendered":"https:\/\/www.folkehjaelp.dk\/cvm25\/?page_id=2009"},"modified":"2026-02-05T13:00:11","modified_gmt":"2026-02-05T13:00:11","slug":"presserum","status":"publish","type":"page","link":"https:\/\/www.folkehjaelp.dk\/en\/presserum\/","title":{"rendered":"Press room"},"content":{"rendered":"<div data-elementor-type=\"wp-page\" data-elementor-id=\"2009\" class=\"elementor elementor-2009\" data-elementor-post-type=\"page\">\n\t\t\t\t<div class=\"elementor-element elementor-element-511ca3d elementor-hidden-mobile e-flex e-con-boxed elementor-invisible e-con e-parent\" data-id=\"511ca3d\" data-element_type=\"container\" data-e-type=\"container\" data-settings=\"{&quot;jet_parallax_layout_list&quot;:[],&quot;animation&quot;:&quot;fadeIn&quot;}\">\n\t\t\t\t\t<div class=\"e-con-inner\">\n\t\t<div class=\"elementor-element elementor-element-c28523d e-con-full e-flex e-con e-child\" data-id=\"c28523d\" data-element_type=\"container\" data-e-type=\"container\" data-settings=\"{&quot;background_background&quot;:&quot;classic&quot;,&quot;jet_parallax_layout_list&quot;:[]}\">\n\t\t\t\t<div class=\"elementor-element elementor-element-81d7457 elementor-invisible elementor-widget elementor-widget-text-editor\" data-id=\"81d7457\" data-element_type=\"widget\" data-e-type=\"widget\" data-settings=\"{&quot;_animation&quot;:&quot;fadeIn&quot;}\" data-widget_type=\"text-editor.default\">\n\t\t\t\t\t\t\t\t\t<p>Press room<\/p>\t\t\t\t\t\t\t\t<\/div>\n\t\t\t\t<div class=\"elementor-element elementor-element-08b204f elementor-invisible elementor-widget elementor-widget-text-editor\" data-id=\"08b204f\" data-element_type=\"widget\" data-e-type=\"widget\" data-settings=\"{&quot;_animation&quot;:&quot;fadeIn&quot;}\" data-widget_type=\"text-editor.default\">\n\t\t\t\t\t\t\t\t\t<p>If you are a journalist and would like to comment on our work, please contact us.<\/p><p>Communications and fundraising manager S\u00f8s Lykke Sloth tel. 2266 9862 \/ sls@folkehjaelp.dk<br \/>Communications consultant Kasper Wielandt, tel.: 2492 8867 \/ kw@folkehjaelp.dk<\/p>\t\t\t\t\t\t\t\t<\/div>\n\t\t\t\t<\/div>\n\t\t<div class=\"elementor-element elementor-element-fcbcf2b e-con-full e-flex e-con e-child\" data-id=\"fcbcf2b\" data-element_type=\"container\" data-e-type=\"container\" data-settings=\"{&quot;background_background&quot;:&quot;classic&quot;,&quot;jet_parallax_layout_list&quot;:[]}\">\n\t\t\t\t<\/div>\n\t\t\t\t\t<\/div>\n\t\t\t\t<\/div>\n\t\t<div class=\"elementor-element elementor-element-898b446 elementor-hidden-desktop elementor-hidden-tablet e-flex e-con-boxed e-con e-parent\" data-id=\"898b446\" data-element_type=\"container\" data-e-type=\"container\" data-settings=\"{&quot;jet_parallax_layout_list&quot;:[]}\">\n\t\t\t\t\t<div class=\"e-con-inner\">\n\t\t<div class=\"elementor-element elementor-element-9633659 e-con-full e-flex e-con e-child\" data-id=\"9633659\" data-element_type=\"container\" data-e-type=\"container\" data-settings=\"{&quot;jet_parallax_layout_list&quot;:[]}\">\n\t\t<div class=\"elementor-element elementor-element-f207f9d e-con-full animated-fast e-flex e-con e-child\" data-id=\"f207f9d\" data-element_type=\"container\" data-e-type=\"container\" data-settings=\"{&quot;background_background&quot;:&quot;classic&quot;,&quot;jet_parallax_layout_list&quot;:[],&quot;animation&quot;:&quot;none&quot;}\">\n\t\t<div class=\"elementor-element elementor-element-24dfe68 e-con-full e-flex e-con e-child\" data-id=\"24dfe68\" data-element_type=\"container\" data-e-type=\"container\" data-settings=\"{&quot;jet_parallax_layout_list&quot;:[]}\">\n\t\t\t\t<div class=\"elementor-element elementor-element-ef486e0 elementor-widget elementor-widget-heading\" data-id=\"ef486e0\" data-element_type=\"widget\" data-e-type=\"widget\" data-widget_type=\"heading.default\">\n\t\t\t\t\t<h2 class=\"elementor-heading-title elementor-size-default\">Press room<\/h2>\t\t\t\t<\/div>\n\t\t\t\t<div class=\"elementor-element elementor-element-1a5683e elementor-widget elementor-widget-text-editor\" data-id=\"1a5683e\" data-element_type=\"widget\" data-e-type=\"widget\" data-widget_type=\"text-editor.default\">\n\t\t\t\t\t\t\t\t\t<p>If you are a journalist and would like to comment on our work, please contact us.<\/p><p>Communications and fundraising manager S\u00f8s Lykke Sloth tel. 2266 9862 \/ sls@folkehjaelp.dk<br \/>Communications consultant Kasper Wielandt, tel.: 2492 8867 \/ kw@folkehjaelp.dk<\/p>\t\t\t\t\t\t\t\t<\/div>\n\t\t\t\t<\/div>\n\t\t\t\t<\/div>\n\t\t\t\t<\/div>\n\t\t\t\t\t<\/div>\n\t\t\t\t<\/div>\n\t\t<div class=\"elementor-element elementor-element-f6acf50 e-flex e-con-boxed elementor-invisible e-con e-parent\" data-id=\"f6acf50\" data-element_type=\"container\" data-e-type=\"container\" data-settings=\"{&quot;jet_parallax_layout_list&quot;:[],&quot;animation&quot;:&quot;fadeIn&quot;}\">\n\t\t\t\t\t<div class=\"e-con-inner\">\n\t\t\t\t<div class=\"elementor-element elementor-element-a45503d elementor-widget-tablet__width-inherit elementor-widget elementor-widget-heading\" data-id=\"a45503d\" data-element_type=\"widget\" data-e-type=\"widget\" data-widget_type=\"heading.default\">\n\t\t\t\t\t<h2 class=\"elementor-heading-title elementor-size-default\">PRESS RELEASES &amp; POSTS<\/h2>\t\t\t\t<\/div>\n\t\t\t\t<div class=\"elementor-element elementor-element-a4b9478 elementor-grid-3 elementor-grid-tablet-2 elementor-grid-mobile-1 elementor-posts--thumbnail-top elementor-card-shadow-yes elementor-posts__hover-gradient elementor-widget elementor-widget-posts\" data-id=\"a4b9478\" data-element_type=\"widget\" data-e-type=\"widget\" data-settings=\"{&quot;cards_columns&quot;:&quot;3&quot;,&quot;cards_columns_tablet&quot;:&quot;2&quot;,&quot;cards_columns_mobile&quot;:&quot;1&quot;,&quot;cards_row_gap&quot;:{&quot;unit&quot;:&quot;px&quot;,&quot;size&quot;:35,&quot;sizes&quot;:[]},&quot;cards_row_gap_tablet&quot;:{&quot;unit&quot;:&quot;px&quot;,&quot;size&quot;:&quot;&quot;,&quot;sizes&quot;:[]},&quot;cards_row_gap_mobile&quot;:{&quot;unit&quot;:&quot;px&quot;,&quot;size&quot;:&quot;&quot;,&quot;sizes&quot;:[]}}\" data-widget_type=\"posts.cards\">\n\t\t\t\t<div class=\"elementor-widget-container\">\n\t\t\t\t\t\t\t<div class=\"elementor-posts-container elementor-posts elementor-posts--skin-cards elementor-grid\" role=\"list\">\n\t\t\t\t<article class=\"elementor-post elementor-grid-item post-6430 post type-post status-publish format-standard has-post-thumbnail hentry category-nyhed category-pressemeddelelse\" role=\"listitem\">\n\t\t\t<div class=\"elementor-post__card\">\n\t\t\t\t<a class=\"elementor-post__thumbnail__link\" href=\"https:\/\/www.folkehjaelp.dk\/en\/fodevarechecken-en-akut-og-kaerkommen-hjaelp-men-den-ma-ikke-stoppe-her\/\" tabindex=\"-1\" target=\"_blank\"><div class=\"elementor-post__thumbnail\"><img fetchpriority=\"high\" decoding=\"async\" width=\"800\" height=\"591\" src=\"https:\/\/www.folkehjaelp.dk\/cvm25\/wp-content\/uploads\/2026\/01\/mirka.jpg\" class=\"attachment-large size-large wp-image-6431\" alt=\"\" srcset=\"https:\/\/www.folkehjaelp.dk\/cvm25\/wp-content\/uploads\/2026\/01\/mirka.jpg 1000w, https:\/\/www.folkehjaelp.dk\/cvm25\/wp-content\/uploads\/2026\/01\/mirka-300x222.jpg 300w, https:\/\/www.folkehjaelp.dk\/cvm25\/wp-content\/uploads\/2026\/01\/mirka-768x568.jpg 768w\" sizes=\"(max-width: 800px) 100vw, 800px\" \/><\/div><\/a>\n\t\t\t\t<div class=\"elementor-post__text\">\n\t\t\t\t<h3 class=\"elementor-post__title\">\n\t\t\t<a href=\"https:\/\/www.folkehjaelp.dk\/en\/fodevarechecken-en-akut-og-kaerkommen-hjaelp-men-den-ma-ikke-stoppe-her\/\" target=\"&quot;_blank&quot;\">\n\t\t\t\tThe food check \u2013 an urgent and welcome help. But it must not stop here!\t\t\t<\/a>\n\t\t<\/h3>\n\t\t\t\t<div class=\"elementor-post__excerpt\">\n\t\t\t<p>By Mirka Mozer, Secretary General, Danish People&#039;s Aid 48,600 children live in poverty in Denmark. They live in families that struggle to make enough money for the next rent and electricity bill. Where there is no money for fruit and vegetables, snowsuits and winter boots. Or to celebrate holidays, birthdays and vacations.<\/p>\n\t\t<\/div>\n\t\t\t\t\t<div class=\"elementor-post__read-more-wrapper\">\n\t\t\n\t\t<a class=\"elementor-post__read-more\" href=\"https:\/\/www.folkehjaelp.dk\/en\/fodevarechecken-en-akut-og-kaerkommen-hjaelp-men-den-ma-ikke-stoppe-her\/\" aria-label=\"Read more about F\u00f8devarechecken \u2013 en akut og k\u00e6rkommen hj\u00e6lp. Men den m\u00e5 ikke stoppe her!\" tabindex=\"-1\" target=\"_blank\">\n\t\t\tREAD MORE \u00bb\t\t<\/a>\n\n\t\t\t\t\t<\/div>\n\t\t\t\t<\/div>\n\t\t\t\t\t<\/div>\n\t\t<\/article>\n\t\t\t\t<article class=\"elementor-post elementor-grid-item post-6348 post type-post status-publish format-standard has-post-thumbnail hentry category-nyhed category-pressemeddelelse\" role=\"listitem\">\n\t\t\t<div class=\"elementor-post__card\">\n\t\t\t\t<a class=\"elementor-post__thumbnail__link\" href=\"https:\/\/www.folkehjaelp.dk\/en\/fra-barrierer-til-adgang-nyt-inklusionsprojekt-i-mykolaiv-regionen\/\" tabindex=\"-1\" target=\"_blank\"><div class=\"elementor-post__thumbnail\"><img decoding=\"async\" width=\"800\" height=\"534\" src=\"https:\/\/www.folkehjaelp.dk\/cvm25\/wp-content\/uploads\/2026\/01\/IMG_8878-1024x683.jpg\" class=\"attachment-large size-large wp-image-6349\" alt=\"\" srcset=\"https:\/\/www.folkehjaelp.dk\/cvm25\/wp-content\/uploads\/2026\/01\/IMG_8878-1024x683.jpg 1024w, https:\/\/www.folkehjaelp.dk\/cvm25\/wp-content\/uploads\/2026\/01\/IMG_8878-300x200.jpg 300w, https:\/\/www.folkehjaelp.dk\/cvm25\/wp-content\/uploads\/2026\/01\/IMG_8878-768x512.jpg 768w, https:\/\/www.folkehjaelp.dk\/cvm25\/wp-content\/uploads\/2026\/01\/IMG_8878-1536x1024.jpg 1536w, https:\/\/www.folkehjaelp.dk\/cvm25\/wp-content\/uploads\/2026\/01\/IMG_8878-2048x1365.jpg 2048w\" sizes=\"(max-width: 800px) 100vw, 800px\" \/><\/div><\/a>\n\t\t\t\t<div class=\"elementor-post__text\">\n\t\t\t\t<h3 class=\"elementor-post__title\">\n\t\t\t<a href=\"https:\/\/www.folkehjaelp.dk\/en\/fra-barrierer-til-adgang-nyt-inklusionsprojekt-i-mykolaiv-regionen\/\" target=\"&quot;_blank&quot;\">\n\t\t\t\tFrom barriers to access: New inclusion project in the Mykolaiv region\t\t\t<\/a>\n\t\t<\/h3>\n\t\t\t\t<div class=\"elementor-post__excerpt\">\n\t\t\t<p>In the Mykolaiv region of southern Ukraine, thousands of people with disabilities, children with special needs and internally displaced families live with daily barriers to accessing even the most basic public services. The war has exacerbated an already difficult situation: buildings are damaged, resources are stretched, and many institutions are<\/p>\n\t\t<\/div>\n\t\t\t\t\t<div class=\"elementor-post__read-more-wrapper\">\n\t\t\n\t\t<a class=\"elementor-post__read-more\" href=\"https:\/\/www.folkehjaelp.dk\/en\/fra-barrierer-til-adgang-nyt-inklusionsprojekt-i-mykolaiv-regionen\/\" aria-label=\"Read more about Fra barrierer til adgang: Nyt inklusionsprojekt i Mykolaiv-regionen\" tabindex=\"-1\" target=\"_blank\">\n\t\t\tREAD MORE \u00bb\t\t<\/a>\n\n\t\t\t\t\t<\/div>\n\t\t\t\t<\/div>\n\t\t\t\t\t<\/div>\n\t\t<\/article>\n\t\t\t\t<article class=\"elementor-post elementor-grid-item post-5562 post type-post status-publish format-standard has-post-thumbnail hentry category-nyhed category-pressemeddelelse\" role=\"listitem\">\n\t\t\t<div class=\"elementor-post__card\">\n\t\t\t\t<a class=\"elementor-post__thumbnail__link\" href=\"https:\/\/www.folkehjaelp.dk\/en\/test\/\" tabindex=\"-1\" target=\"_blank\"><div class=\"elementor-post__thumbnail\"><img decoding=\"async\" width=\"800\" height=\"600\" src=\"https:\/\/www.folkehjaelp.dk\/cvm25\/wp-content\/uploads\/2025\/11\/debatindlaeg_demokrati.jpg\" class=\"attachment-large size-large wp-image-5676\" alt=\"\" srcset=\"https:\/\/www.folkehjaelp.dk\/cvm25\/wp-content\/uploads\/2025\/11\/debatindlaeg_demokrati.jpg 1000w, https:\/\/www.folkehjaelp.dk\/cvm25\/wp-content\/uploads\/2025\/11\/debatindlaeg_demokrati-300x225.jpg 300w, https:\/\/www.folkehjaelp.dk\/cvm25\/wp-content\/uploads\/2025\/11\/debatindlaeg_demokrati-768x576.jpg 768w\" sizes=\"(max-width: 800px) 100vw, 800px\" \/><\/div><\/a>\n\t\t\t\t<div class=\"elementor-post__text\">\n\t\t\t\t<h3 class=\"elementor-post__title\">\n\t\t\t<a href=\"https:\/\/www.folkehjaelp.dk\/en\/test\/\" target=\"&quot;_blank&quot;\">\n\t\t\t\tRepresentative democracy? Not if two-thirds of a population group is not represented\t\t\t<\/a>\n\t\t<\/h3>\n\t\t\t\t<div class=\"elementor-post__excerpt\">\n\t\t\t<p>By Mirka Mozer, Secretary General Danish democracy has a problem. It claims to be representative, but it is not. Of course, it is never realistic to expect a 100% turnout when there are elections. But if only 351% of a population group goes to the ballot box, something is completely wrong.<\/p>\n\t\t<\/div>\n\t\t\t\t\t<div class=\"elementor-post__read-more-wrapper\">\n\t\t\n\t\t<a class=\"elementor-post__read-more\" href=\"https:\/\/www.folkehjaelp.dk\/en\/test\/\" aria-label=\"Read more about Repr\u00e6sentativt demokrati? Ikke hvis to tredjedele af en befolkningsgruppe ikke er repr\u00e6senterede\" tabindex=\"-1\" target=\"_blank\">\n\t\t\tREAD MORE \u00bb\t\t<\/a>\n\n\t\t\t\t\t<\/div>\n\t\t\t\t<\/div>\n\t\t\t\t\t<\/div>\n\t\t<\/article>\n\t\t\t\t<\/div>\n\t\t\n\t\t\t\t\t\t<\/div>\n\t\t\t\t<\/div>\n\t\t\t\t\t<\/div>\n\t\t\t\t<\/div>\n\t\t<div class=\"elementor-element elementor-element-9df6257 e-flex e-con-boxed elementor-invisible e-con e-parent\" data-id=\"9df6257\" data-element_type=\"container\" data-e-type=\"container\" data-settings=\"{&quot;jet_parallax_layout_list&quot;:[],&quot;animation&quot;:&quot;fadeIn&quot;}\">\n\t\t\t\t\t<div class=\"e-con-inner\">\n\t\t<div class=\"elementor-element elementor-element-e8e9f8b e-con-full e-flex e-con e-child\" data-id=\"e8e9f8b\" data-element_type=\"container\" data-e-type=\"container\" data-settings=\"{&quot;jet_parallax_layout_list&quot;:[]}\">\n\t\t\t\t<div class=\"elementor-element elementor-element-c802951 elementor-invisible elementor-widget elementor-widget-text-editor\" data-id=\"c802951\" data-element_type=\"widget\" data-e-type=\"widget\" data-settings=\"{&quot;_animation&quot;:&quot;fadeIn&quot;}\" data-widget_type=\"text-editor.default\">\n\t\t\t\t\t\t\t\t\t<p>UNIQUE INSIGHTS ABOUT FAMILIES IN POVERTY<\/p>\t\t\t\t\t\t\t\t<\/div>\n\t\t\t\t<div class=\"elementor-element elementor-element-fc84c7e elementor-invisible elementor-widget elementor-widget-text-editor\" data-id=\"fc84c7e\" data-element_type=\"widget\" data-e-type=\"widget\" data-settings=\"{&quot;_animation&quot;:&quot;fadeIn&quot;}\" data-widget_type=\"text-editor.default\">\n\t\t\t\t\t\t\t\t\t<div class=\"fl-col fl-node-eaf5lqi43t12 fl-col-bg-color fl-col-small\" data-node=\"eaf5lqi43t12\"><p>Danish People&#039;s Aid works throughout Denmark with people who live in social and economic insecurity.<\/p><p>In order to continuously strengthen our many social initiatives, we continuously and thoroughly follow up on their effect. We do this, among other things, through detailed questionnaire surveys of the people we work with. We ask about their everyday lives, about challenges, about their experience of our initiatives, etc. We also receive basic data from applicants; income, place of residence, marital status, etc., so that we know the target group, can be at the forefront and adjust initiatives.<\/p><p>Read more and see statistics on applicants&#039; basic data below.<\/p><\/div>\t\t\t\t\t\t\t\t<\/div>\n\t\t\t\t<div class=\"elementor-element elementor-element-2b022cb elementor-mobile-align-center elementor-widget elementor-widget-button\" data-id=\"2b022cb\" data-element_type=\"widget\" data-e-type=\"widget\" data-widget_type=\"button.default\">\n\t\t\t\t\t\t\t\t\t\t<a class=\"elementor-button elementor-button-link elementor-size-sm elementor-animation-grow\" href=\"https:\/\/ansogning.folkehjaelp.dk\/statistik\/\">\n\t\t\t\t\t\t<span class=\"elementor-button-content-wrapper\">\n\t\t\t\t\t\t\t\t\t<span class=\"elementor-button-text\">GO TO STATISTICS PAGE<\/span>\n\t\t\t\t\t<\/span>\n\t\t\t\t\t<\/a>\n\t\t\t\t\t\t\t\t<\/div>\n\t\t\t\t<div class=\"elementor-element elementor-element-8394f89 elementor-hidden-desktop elementor-hidden-tablet elementor-widget-divider--view-line elementor-widget elementor-widget-divider\" data-id=\"8394f89\" data-element_type=\"widget\" data-e-type=\"widget\" data-widget_type=\"divider.default\">\n\t\t\t\t\t\t\t<div class=\"elementor-divider\">\n\t\t\t<span class=\"elementor-divider-separator\">\n\t\t\t\t\t\t<\/span>\n\t\t<\/div>\n\t\t\t\t\t\t<\/div>\n\t\t\t\t<\/div>\n\t\t<div class=\"elementor-element elementor-element-efe109e e-con-full e-flex e-con e-child\" data-id=\"efe109e\" data-element_type=\"container\" data-e-type=\"container\" data-settings=\"{&quot;jet_parallax_layout_list&quot;:[]}\">\n\t\t\t\t<div class=\"elementor-element elementor-element-343831b elementor-invisible elementor-widget elementor-widget-heading\" data-id=\"343831b\" data-element_type=\"widget\" data-e-type=\"widget\" data-settings=\"{&quot;_animation&quot;:&quot;fadeIn&quot;}\" data-widget_type=\"heading.default\">\n\t\t\t\t\t<h2 class=\"elementor-heading-title elementor-size-default\">Logo &amp; design guide<\/h2>\t\t\t\t<\/div>\n\t\t\t\t<div class=\"elementor-element elementor-element-4a05209 elementor-invisible elementor-widget elementor-widget-text-editor\" data-id=\"4a05209\" data-element_type=\"widget\" data-e-type=\"widget\" data-settings=\"{&quot;_animation&quot;:&quot;fadeIn&quot;}\" data-widget_type=\"text-editor.default\">\n\t\t\t\t\t\t\t\t\t<div class=\"fl-col fl-node-eaf5lqi43t12 fl-col-bg-color fl-col-small\" data-node=\"eaf5lqi43t12\"><p><a href=\"https:\/\/www.folkehjaelp.dk\/cvm25\/wp-content\/uploads\/2025\/10\/Logo_DA.zip\">Download logo package \u2013 DK<\/a><br \/><a href=\"https:\/\/www.folkehjaelp.dk\/cvm25\/wp-content\/uploads\/2025\/10\/Logo_ENG.zip\">Download logo pack \u2013 ENG<\/a><br \/><a href=\"https:\/\/www.folkehjaelp.dk\/cvm25\/wp-content\/uploads\/2025\/10\/Nametag_DK.zip\">Download name tag \u2013 DK<\/a><br \/><a href=\"https:\/\/www.folkehjaelp.dk\/cvm25\/wp-content\/uploads\/2025\/10\/Nametag_ENG.zip\">Download name tag \u2013 ENG<\/a><br \/><a href=\"https:\/\/www.folkehjaelp.dk\/cvm25\/wp-content\/uploads\/2025\/10\/Dansk_Folkehjaelp_Designguide_2025.pdf\">Download design guide<\/a><\/p><\/div>\t\t\t\t\t\t\t\t<\/div>\n\t\t\t\t<\/div>\n\t\t\t\t\t<\/div>\n\t\t\t\t<\/div>\n\t\t\t\t<\/div>","protected":false},"excerpt":{"rendered":"<p>Presserum Hvis du er journalist og \u00f8nsker en kommentar til vores arbejde, er du velkommen til at kontakte os. Kommunikations- og fundraisingchef S\u00f8s Lykke Sloth tlf. 2266 9862 \/ sls@folkehjaelp.dkKommunikationskonsulent Kasper Wielandt, tlf.: 2492 8867 \/ kw@folkehjaelp.dk Presserum Hvis du er journalist og \u00f8nsker en kommentar til vores arbejde, er du velkommen til at kontakte [&hellip;]<\/p>\n","protected":false},"author":2,"featured_media":0,"parent":0,"menu_order":0,"comment_status":"closed","ping_status":"closed","template":"","meta":{"footnotes":""},"class_list":["post-2009","page","type-page","status-publish","hentry"],"_links":{"self":[{"href":"https:\/\/www.folkehjaelp.dk\/en\/wp-json\/wp\/v2\/pages\/2009","targetHints":{"allow":["GET"]}}],"collection":[{"href":"https:\/\/www.folkehjaelp.dk\/en\/wp-json\/wp\/v2\/pages"}],"about":[{"href":"https:\/\/www.folkehjaelp.dk\/en\/wp-json\/wp\/v2\/types\/page"}],"author":[{"embeddable":true,"href":"https:\/\/www.folkehjaelp.dk\/en\/wp-json\/wp\/v2\/users\/2"}],"replies":[{"embeddable":true,"href":"https:\/\/www.folkehjaelp.dk\/en\/wp-json\/wp\/v2\/comments?post=2009"}],"version-history":[{"count":86,"href":"https:\/\/www.folkehjaelp.dk\/en\/wp-json\/wp\/v2\/pages\/2009\/revisions"}],"predecessor-version":[{"id":6575,"href":"https:\/\/www.folkehjaelp.dk\/en\/wp-json\/wp\/v2\/pages\/2009\/revisions\/6575"}],"wp:attachment":[{"href":"https:\/\/www.folkehjaelp.dk\/en\/wp-json\/wp\/v2\/media?parent=2009"}],"curies":[{"name":"wp","href":"https:\/\/api.w.org\/{rel}","templated":true}]}}