{"id":5067,"date":"2025-10-10T11:23:30","date_gmt":"2025-10-10T11:23:30","guid":{"rendered":"https:\/\/www.folkehjaelp.dk\/?page_id=5067"},"modified":"2025-10-10T11:29:07","modified_gmt":"2025-10-10T11:29:07","slug":"bliv-kontakt-okonomisk-raadgivning","status":"publish","type":"page","link":"https:\/\/www.folkehjaelp.dk\/en\/bliv-kontakt-okonomisk-raadgivning\/","title":{"rendered":"Formular &#8211; frivillig \u00d8GR"},"content":{"rendered":"<div data-elementor-type=\"wp-page\" data-elementor-id=\"5067\" class=\"elementor elementor-5067\" data-elementor-post-type=\"page\">\n\t\t\t\t<div class=\"elementor-element elementor-element-44d1194 e-flex e-con-boxed e-con e-parent\" data-id=\"44d1194\" data-element_type=\"container\" data-e-type=\"container\" data-settings=\"{&quot;jet_parallax_layout_list&quot;:[]}\">\n\t\t\t\t\t<div class=\"e-con-inner\">\n\t\t<div class=\"elementor-element elementor-element-de7eacb e-con-full e-flex e-con e-child\" data-id=\"de7eacb\" data-element_type=\"container\" data-e-type=\"container\" data-settings=\"{&quot;jet_parallax_layout_list&quot;:[]}\">\n\t\t\t\t<div class=\"elementor-element elementor-element-62a610e elementor-widget elementor-widget-heading\" data-id=\"62a610e\" data-element_type=\"widget\" data-e-type=\"widget\" data-widget_type=\"heading.default\">\n\t\t\t\t\t<h2 class=\"elementor-heading-title elementor-size-default\">VOLUNTEER FINANCIAL &amp; DEBT COUNSELOR\n<br> - GET IN TOUCH<\/h2>\t\t\t\t<\/div>\n\t\t\t\t<div class=\"elementor-element elementor-element-4217416 elementor-widget__width-initial elementor-widget elementor-widget-jet-form-builder-form\" data-id=\"4217416\" data-element_type=\"widget\" data-e-type=\"widget\" data-widget_type=\"jet-form-builder-form.default\">\n\t\t\t\t<div class=\"elementor-widget-container\">\n\t\t\t\t\t<link rel='stylesheet' id='wp-block-library-css' href='https:\/\/www.folkehjaelp.dk\/cvm25\/wp-includes\/css\/dist\/block-library\/style.min.css?ver=6.9.4' media='all' \/>\n<style id=\"jet-form-builder-940-inline-css\"><\/style><form  class=\"jet-form-builder layout-column submit-type-reload\" action=\"https:\/\/www.folkehjaelp.dk\/en\/wp-json\/wp\/v2\/pages\/5067\/?Eso3zc=Hud4WDhDW0&#038;method=reload\" method=\"POST\" data-form-id=\"940\" data-layout=\"column\" enctype=\"multipart\/form-data\" data-clear=\"1\" novalidate=\"null\" ssr_validation_method=\"rest\" data-trp-original-action=\"https:\/\/www.folkehjaelp.dk\/en\/wp-json\/wp\/v2\/pages\/5067\/?Eso3zc=Hud4WDhDW0&amp;method=reload\"><input type=\"hidden\" id=\"_wpnonce\" name=\"_wpnonce\" value=\"f3562a43cb\" \/><input type=\"hidden\" name=\"_wp_http_referer\" value=\"\/en\/wp-json\/wp\/v2\/pages\/5067\" \/>\r\n<input type=\"hidden\" name=\"_jfb_current_render_states[]\" value=\"DEFAULT.STATE\" data-jfb-sync \/><input type=\"hidden\" class=\"jet-form-builder__field hidden-field\" name=\"_jet_engine_booking_form_id\" data-field-name=\"_jet_engine_booking_form_id\" value=\"940\">\n<input type=\"hidden\" class=\"jet-form-builder__field hidden-field\" name=\"_jet_engine_refer\" data-field-name=\"_jet_engine_refer\" value=\"https:\/\/www.folkehjaelp.dk\/en\/wp-json\/wp\/v2\/pages\/5067\/\">\n<input type=\"hidden\" class=\"jet-form-builder__field hidden-field\" name=\"__queried_post_id\" data-field-name=\"__queried_post_id\" value=\"5067\">\n\n<div class=\"wp-block-columns is-layout-flex wp-container-core-columns-is-layout-28f84493 wp-block-columns-is-layout-flex\">\n<div class=\"wp-block-column is-layout-flow wp-block-column-is-layout-flow\"><div  data-validation-type=\"inherit\" class=\"jet-form-builder-row field-type-text-field\" >\n<div class=\"jet-form-builder__label\">\r\n<div class=\"jet-form-builder__label-text\">Name: <span class=\"jet-form-builder__required\">*<\/span><\/div><\/div><div class=\"jet-form-builder__field-wrap\">\n\t\t\t\t<input required=\"required\" name=\"navn\" id=\"navn\" type=\"text\" data-field-name=\"navn\" class=\"jet-form-builder__field text-field\" data-jfb-sync=\"null\" autocomplete=\"off_azYc9XhK\">\n\t\t\t\t\t<\/div>\n<\/div>\n\n<div  data-validation-type=\"inherit\" class=\"jet-form-builder-row field-type-text-field\" >\n<div class=\"jet-form-builder__label\">\r\n<div class=\"jet-form-builder__label-text\">Email: <span class=\"jet-form-builder__required\">*<\/span><\/div><\/div><div class=\"jet-form-builder__field-wrap\">\n\t\t\t\t<input required=\"required\" name=\"e_mail\" id=\"e_mail\" type=\"email\" data-field-name=\"e_mail\" class=\"jet-form-builder__field text-field\" data-jfb-sync=\"null\" autocomplete=\"off_LcMbKoP3\">\n\t\t\t\t\t<\/div>\n<\/div>\n\n<div  data-validation-type=\"inherit\" class=\"jet-form-builder-row field-type-text-field\" >\n<div class=\"jet-form-builder__label\">\r\n<div class=\"jet-form-builder__label-text\">Postal code <span class=\"jet-form-builder__required\">*<\/span><\/div><\/div><div class=\"jet-form-builder__field-wrap\">\n\t\t\t\t<input required=\"required\" name=\"postnummer\" id=\"postnummer\" type=\"text\" data-field-name=\"postnummer\" class=\"jet-form-builder__field text-field\" data-jfb-sync=\"null\" autocomplete=\"off_T1jVzYO2\">\n\t\t\t\t\t<\/div><div class=\"jet-form-builder__desc\"><small>Please provide your postal code.<\/small><\/div>\n<\/div>\n\n<div  data-validation-type=\"inherit\" class=\"jet-form-builder-row field-type-text-field\" >\n<div class=\"jet-form-builder__label\">\r\n<div class=\"jet-form-builder__label-text\">Telephone number: <\/div><\/div><div class=\"jet-form-builder__field-wrap\">\n\t\t\t\t<input name=\"telefonnummer\" id=\"telefonnummer\" type=\"tel\" data-field-name=\"telefonnummer\" class=\"jet-form-builder__field text-field\" data-jfb-sync=\"null\" autocomplete=\"off_zGevO1AL\">\n\t\t\t\t\t<\/div>\n<\/div><\/div>\n<\/div>\n\n\n<div  data-validation-type=\"inherit\" class=\"jet-form-builder-row field-type-textarea-field\" >\n<div class=\"jet-form-builder__label\">\r\n<div class=\"jet-form-builder__label-text\">Do you have any questions?<\/div><\/div><div class=\"jet-form-builder__field-wrap\">\n\t\t<textarea class=\"jet-form-builder__field textarea-field\" name=\"dit_sporgsmal\" data-field-name=\"dit_sporgsmal\" id=\"dit_sporgsmal\" data-jfb-sync=\"null\" maxlength=\"5000\"><\/textarea>\n\t<\/div><div class=\"jet-form-builder__desc\"><small>Please write your questions above (max 5,000 characters)<\/small><\/div>\n<\/div>\n\n<div class=\"jfb-visually-hidden\" tabindex=\"-1\"><div class=\"jet-form-builder__field-wrap\">\n\t\t\t\t<input name=\"email\" id=\"email\" type=\"email\" data-field-name=\"email\" class=\"jet-form-builder__field text-field\" data-jfb-sync=\"null\" autocomplete=\"off_Uc6kLapK\">\n\t\t\t\t\t<\/div><\/div><div  data-validation-type=\"inherit\" class=\"jet-form-builder-row field-type-submit-field\" >\n\t<div data-type=\"submit\" class=\"jet-form-builder__action-button-wrapper jet-form-builder__submit-wrap\">\n\t<button class=\"jet-form-builder__action-button jet-form-builder__submit submit-type-reload\" type=\"submit\">Send<\/button>\n\t<\/div>\n\t\n<\/div>\n\n\n<input type=\"hidden\" class=\"captcha-token\" name=\"_captcha_token\" value=\"\"\/>\n\n\n\n<p><\/p>\n\t<div class=\"jet-form-builder-messages-wrap\" data-form-id=\"940\"><\/div>\n<input type=\"hidden\" name=\"trp-form-language\" value=\"en\"\/><\/form>\n\t\t\t\t<\/div>\n\t\t\t\t<\/div>\n\t\t\t\t<\/div>\n\t\t\t\t\t<\/div>\n\t\t\t\t<\/div>\n\t\t\t\t<\/div>","protected":false},"excerpt":{"rendered":"<p>fRIVILLIG \u00d8KONOMI- &amp; G\u00c6LDSR\u00c5DGIVER &#8211; BLIV KONTAKTET Navn: * E-mail: * Telefonnummer: Har du sp\u00f8rgsm\u00e5l? Skriv venligst dine sp\u00f8rgsm\u00e5l ovenfor (maks 5.000 tegn) Send<\/p>","protected":false},"author":2,"featured_media":0,"parent":0,"menu_order":0,"comment_status":"closed","ping_status":"closed","template":"","meta":{"footnotes":""},"class_list":["post-5067","page","type-page","status-publish","hentry"],"_links":{"self":[{"href":"https:\/\/www.folkehjaelp.dk\/en\/wp-json\/wp\/v2\/pages\/5067","targetHints":{"allow":["GET"]}}],"collection":[{"href":"https:\/\/www.folkehjaelp.dk\/en\/wp-json\/wp\/v2\/pages"}],"about":[{"href":"https:\/\/www.folkehjaelp.dk\/en\/wp-json\/wp\/v2\/types\/page"}],"author":[{"embeddable":true,"href":"https:\/\/www.folkehjaelp.dk\/en\/wp-json\/wp\/v2\/users\/2"}],"replies":[{"embeddable":true,"href":"https:\/\/www.folkehjaelp.dk\/en\/wp-json\/wp\/v2\/comments?post=5067"}],"version-history":[{"count":5,"href":"https:\/\/www.folkehjaelp.dk\/en\/wp-json\/wp\/v2\/pages\/5067\/revisions"}],"predecessor-version":[{"id":5072,"href":"https:\/\/www.folkehjaelp.dk\/en\/wp-json\/wp\/v2\/pages\/5067\/revisions\/5072"}],"wp:attachment":[{"href":"https:\/\/www.folkehjaelp.dk\/en\/wp-json\/wp\/v2\/media?parent=5067"}],"curies":[{"name":"wp","href":"https:\/\/api.w.org\/{rel}","templated":true}]}}