{"id":5096,"date":"2025-10-27T10:11:28","date_gmt":"2025-10-27T10:11:28","guid":{"rendered":"https:\/\/www.folkehjaelp.dk\/?page_id=5096"},"modified":"2025-12-04T08:15:15","modified_gmt":"2025-12-04T08:15:15","slug":"stot","status":"publish","type":"page","link":"https:\/\/www.folkehjaelp.dk\/en\/folkehjaelpen-i-danmark\/direkte-stotte\/julehjaelp\/stot\/","title":{"rendered":"St\u00f8t Julehj\u00e6lp"},"content":{"rendered":"\t\t<div data-elementor-type=\"wp-page\" data-elementor-id=\"5096\" class=\"elementor elementor-5096\" data-elementor-post-type=\"page\">\n\t\t\t\t<div class=\"elementor-element elementor-element-7ca7ea6 e-flex e-con-boxed e-con e-parent\" data-id=\"7ca7ea6\" data-element_type=\"container\" data-e-type=\"container\" data-settings=\"{&quot;jet_parallax_layout_list&quot;:[]}\">\n\t\t\t\t\t<div class=\"e-con-inner\">\n\t\t<div class=\"elementor-element elementor-element-e816179 e-con-full e-flex e-con e-child\" data-id=\"e816179\" data-element_type=\"container\" data-e-type=\"container\" data-settings=\"{&quot;jet_parallax_layout_list&quot;:[]}\">\n\t\t<div class=\"elementor-element elementor-element-6e85115 e-con-full elementor-hidden-mobile e-flex e-con e-child\" data-id=\"6e85115\" data-element_type=\"container\" data-e-type=\"container\" data-settings=\"{&quot;background_background&quot;:&quot;classic&quot;,&quot;jet_parallax_layout_list&quot;:[]}\">\n\t\t\t\t<\/div>\n\t\t<div class=\"elementor-element elementor-element-fd84308 e-con-full e-flex e-con e-child\" data-id=\"fd84308\" data-element_type=\"container\" data-e-type=\"container\" data-settings=\"{&quot;jet_parallax_layout_list&quot;:[]}\">\n\t\t\t\t<div class=\"elementor-element elementor-element-1e205e2 elementor-hidden-mobile elementor-widget elementor-widget-heading\" data-id=\"1e205e2\" data-element_type=\"widget\" data-e-type=\"widget\" data-widget_type=\"heading.default\">\n\t\t\t\t\t<h2 class=\"elementor-heading-title elementor-size-default\">med din st\u00f8tte kan vi give flere <br> b\u00f8rn en gl\u00e6delig jul<\/h2>\t\t\t\t<\/div>\n\t\t\t\t<div class=\"elementor-element elementor-element-9f7edcd elementor-hidden-mobile elementor-widget elementor-widget-text-editor\" data-id=\"9f7edcd\" data-element_type=\"widget\" data-e-type=\"widget\" data-widget_type=\"text-editor.default\">\n\t\t\t\t\t\t\t\t\t<p>Knap 50.000 b\u00f8rn i Danmark lever i fattigdom. For de b\u00f8rn handler julen ikke om, hvad de \u00f8nsker sig, men om d\u00e9t, de m\u00e5 undv\u00e6re. I 2024 uddelte vi Julehj\u00e6lp til 23.590 b\u00f8rn, og med din st\u00f8tte kan vi give endnu flere b\u00f8rn jul med f\u00e6rre bekymringer og en juleaften med julemad og julegaver.<\/p><p>Julehj\u00e6lpen best\u00e5r af et gavekort til sendentanke.dk p\u00e5 500 kr. pr. barn og gavekort til REMA100 p\u00e5 800 kr.\u00a0\u00a0<\/p>\t\t\t\t\t\t\t\t<\/div>\n\t\t\t\t<\/div>\n\t\t\t\t<\/div>\n\t\t<div class=\"elementor-element elementor-element-f66e6ac e-con-full e-flex e-con e-child\" data-id=\"f66e6ac\" data-element_type=\"container\" data-e-type=\"container\" data-settings=\"{&quot;jet_parallax_layout_list&quot;:[]}\">\n\t\t\t\t<div class=\"elementor-element elementor-element-2ae3809 elementor-invisible elementor-widget elementor-widget-text-editor\" data-id=\"2ae3809\" data-element_type=\"widget\" data-e-type=\"widget\" data-settings=\"{&quot;_animation&quot;:&quot;fadeIn&quot;}\" data-widget_type=\"text-editor.default\">\n\t\t\t\t\t\t\t\t\t<div id=\"fund\" data-of=\"da.onlinefundraising.dk\/danskfolkehjaelp\" data-form=\"4\">\u00a0<\/div><p><script type=\"text\/javascript\">var e = document.getElementById(\"fund\"); if (null !== e){var s = document.createElement(\"script\"), x = document.getElementsByTagName(\"script\")[0]; s.type = \"text\/javascript\", s.async = !0, s.src = \"https:\/\/onlinefundraising.dk\/js\/3.8\/iframe.js\", x.parentNode.insertBefore(s, x)}<\/script><\/p>\t\t\t\t\t\t\t\t<\/div>\n\t\t\t\t<\/div>\n\t\t\t\t\t<\/div>\n\t\t\t\t<\/div>\n\t\t<div class=\"elementor-element elementor-element-719391f elementor-hidden-desktop elementor-hidden-tablet e-flex e-con-boxed e-con e-parent\" data-id=\"719391f\" data-element_type=\"container\" data-e-type=\"container\" data-settings=\"{&quot;jet_parallax_layout_list&quot;:[]}\">\n\t\t\t\t\t<div class=\"e-con-inner\">\n\t\t\t\t<div class=\"elementor-element elementor-element-73de282 elementor-widget elementor-widget-heading\" data-id=\"73de282\" data-element_type=\"widget\" data-e-type=\"widget\" data-widget_type=\"heading.default\">\n\t\t\t\t\t<h2 class=\"elementor-heading-title elementor-size-default\">med din st\u00f8tte kan vi give flere <br> b\u00f8rn en gl\u00e6delig jul<\/h2>\t\t\t\t<\/div>\n\t\t\t\t<div class=\"elementor-element elementor-element-1dc0129 elementor-widget elementor-widget-text-editor\" data-id=\"1dc0129\" data-element_type=\"widget\" data-e-type=\"widget\" data-widget_type=\"text-editor.default\">\n\t\t\t\t\t\t\t\t\t<p>Knap 50.000 b\u00f8rn i Danmark lever i fattigdom. For de b\u00f8rn handler julen ikke om, hvad de \u00f8nsker sig, men om d\u00e9t, de m\u00e5 undv\u00e6re. I 2024 uddelte vi Julehj\u00e6lp til 23.590 b\u00f8rn, og med din st\u00f8tte kan vi give endnu flere b\u00f8rn jul med f\u00e6rre bekymringer og en juleaften med julemad og julegaver.<\/p><p>Julehj\u00e6lpen best\u00e5r af et gavekort til sendentanke.dk p\u00e5 500 kr. pr. barn og gavekort til REMA100 p\u00e5 800 kr.\u00a0\u00a0<\/p>\t\t\t\t\t\t\t\t<\/div>\n\t\t\t\t\t<\/div>\n\t\t\t\t<\/div>\n\t\t\t\t<\/div>\n\t\t","protected":false},"excerpt":{"rendered":"<p>med din st\u00f8tte kan vi give flere b\u00f8rn en gl\u00e6delig jul Knap 50.000 b\u00f8rn i Danmark lever i fattigdom. For de b\u00f8rn handler julen ikke om, hvad de \u00f8nsker sig, men om d\u00e9t, de m\u00e5 undv\u00e6re. I 2024 uddelte vi Julehj\u00e6lp til 23.590 b\u00f8rn, og med din st\u00f8tte kan vi give endnu flere b\u00f8rn jul [&hellip;]<\/p>\n","protected":false},"author":2,"featured_media":0,"parent":5217,"menu_order":0,"comment_status":"closed","ping_status":"closed","template":"","meta":{"footnotes":""},"class_list":["post-5096","page","type-page","status-publish","hentry"],"_links":{"self":[{"href":"https:\/\/www.folkehjaelp.dk\/en\/wp-json\/wp\/v2\/pages\/5096","targetHints":{"allow":["GET"]}}],"collection":[{"href":"https:\/\/www.folkehjaelp.dk\/en\/wp-json\/wp\/v2\/pages"}],"about":[{"href":"https:\/\/www.folkehjaelp.dk\/en\/wp-json\/wp\/v2\/types\/page"}],"author":[{"embeddable":true,"href":"https:\/\/www.folkehjaelp.dk\/en\/wp-json\/wp\/v2\/users\/2"}],"replies":[{"embeddable":true,"href":"https:\/\/www.folkehjaelp.dk\/en\/wp-json\/wp\/v2\/comments?post=5096"}],"version-history":[{"count":64,"href":"https:\/\/www.folkehjaelp.dk\/en\/wp-json\/wp\/v2\/pages\/5096\/revisions"}],"predecessor-version":[{"id":6669,"href":"https:\/\/www.folkehjaelp.dk\/en\/wp-json\/wp\/v2\/pages\/5096\/revisions\/6669"}],"up":[{"embeddable":true,"href":"https:\/\/www.folkehjaelp.dk\/en\/wp-json\/wp\/v2\/pages\/5217"}],"wp:attachment":[{"href":"https:\/\/www.folkehjaelp.dk\/en\/wp-json\/wp\/v2\/media?parent=5096"}],"curies":[{"name":"wp","href":"https:\/\/api.w.org\/{rel}","templated":true}]}}