{"id":6411,"date":"2026-01-20T12:25:10","date_gmt":"2026-01-20T12:25:10","guid":{"rendered":"https:\/\/www.folkehjaelp.dk\/?page_id=6411"},"modified":"2026-02-26T10:35:04","modified_gmt":"2026-02-26T10:35:04","slug":"klagevejledning","status":"publish","type":"page","link":"https:\/\/www.folkehjaelp.dk\/en\/folkehjaelpen-i-danmark\/helhedsorienterede-indsatser\/okonomisk-raadgivning\/klagevejledning\/","title":{"rendered":"Klagevejledning &#8211; \u00f8gr"},"content":{"rendered":"<div data-elementor-type=\"wp-page\" data-elementor-id=\"6411\" class=\"elementor elementor-6411\" data-elementor-post-type=\"page\">\n\t\t\t\t<div class=\"elementor-element elementor-element-0c26197 e-flex e-con-boxed e-con e-parent\" data-id=\"0c26197\" data-element_type=\"container\" data-e-type=\"container\" data-settings=\"{&quot;jet_parallax_layout_list&quot;:[]}\">\n\t\t\t\t\t<div class=\"e-con-inner\">\n\t\t<div class=\"elementor-element elementor-element-fdb014e e-con-full e-flex e-con e-child\" data-id=\"fdb014e\" data-element_type=\"container\" data-e-type=\"container\" data-settings=\"{&quot;background_background&quot;:&quot;classic&quot;,&quot;jet_parallax_layout_list&quot;:[]}\">\n\t\t\t\t<div class=\"elementor-element elementor-element-eb5152d elementor-widget elementor-widget-heading\" data-id=\"eb5152d\" data-element_type=\"widget\" data-e-type=\"widget\" data-widget_type=\"heading.default\">\n\t\t\t\t\t<h2 class=\"elementor-heading-title elementor-size-default\">Complaints Guide - Financial &amp; Debt Counseling<\/h2>\t\t\t\t<\/div>\n\t\t\t\t<\/div>\n\t\t\t\t\t<\/div>\n\t\t\t\t<\/div>\n\t\t<div class=\"elementor-element elementor-element-4820e32 e-flex e-con-boxed e-con e-parent\" data-id=\"4820e32\" data-element_type=\"container\" data-e-type=\"container\" data-settings=\"{&quot;jet_parallax_layout_list&quot;:[]}\">\n\t\t\t\t\t<div class=\"e-con-inner\">\n\t\t\t\t<div class=\"elementor-element elementor-element-6884882 elementor-widget elementor-widget-text-editor\" data-id=\"6884882\" data-element_type=\"widget\" data-e-type=\"widget\" data-widget_type=\"text-editor.default\">\n\t\t\t\t\t\t\t\t\t<h4><strong>How to complain<\/strong><\/h4><p>If you are dissatisfied with the advice you have received from our financial and debt advice service, you can submit a complaint via the contact form. <a href=\"https:\/\/www.folkehjaelp.dk\/en\/feedback\/\">HERE<\/a>.\u00a0<\/p><h4><strong>Who can complain?<\/strong><\/h4><div class=\"elementToProof\">Anyone who has been in contact with Danish People&#039;s Aid&#039;s financial and debt counseling service can submit a complaint.\u00a0<\/div><div class=\"elementToProof\">\u00a0<\/div><div class=\"elementToProof\">We encourage you to tell us immediately if you have had a bad experience with our advice. This way we can respond quickly and you can benefit from the advice in the future.\u00a0<\/div><h4><strong>What can I complain about?<\/strong><\/h4><div class=\"elementToProof\">For example, you can complain about:<\/div><ul data-editing-info=\"{&quot;applyListStyleFromLevel&quot;:true}\"><li><div class=\"elementToProof\" role=\"presentation\">If you have experienced inadequate advice.<\/div><\/li><li><div class=\"elementToProof\" role=\"presentation\">If you have experienced unintended behavior from the volunteer counselor.<\/div><\/li><li><div class=\"elementToProof\" role=\"presentation\">If you have specific experiences with one or more counseling sessions that do not live up to what we promise in our brochures and website.\u00a0<\/div><\/li><\/ul><h4><strong>What can&#039;t I complain about?<\/strong><\/h4><div class=\"elementToProof\">You cannot complain about practical matters such as location, catering or waiting times.<\/div><div class=\"elementToProof\">\u00a0<\/div><div class=\"elementToProof\">You cannot appeal against decisions made by the court or public authorities. Danish People&#039;s Aid cannot be held responsible for this.<\/div>\t\t\t\t\t\t\t\t<\/div>\n\t\t\t\t\t<\/div>\n\t\t\t\t<\/div>\n\t\t\t\t<\/div>","protected":false},"excerpt":{"rendered":"<p>Klagevejledning &#8211; \u00d8konomi- &amp; G\u00e6ldsr\u00e5dgivning S\u00e5dan\u00a0klager\u00a0du Er du utilfreds med den r\u00e5dgivning, du har modtaget i vores \u00f8konomi- og g\u00e6ldsr\u00e5dgivning, kan du indsende en klage via kontaktformularen HER.\u00a0 Hvem kan klage? Alle, som har v\u00e6ret i kontakt med Dansk Folkehj\u00e6lps \u00f8konomi- og g\u00e6ldsr\u00e5dgivning, kan indsende en klage.\u00a0\u00a0Vi opfordrer til, at du med det samme fort\u00e6ller [&hellip;]<\/p>\n","protected":false},"author":2,"featured_media":0,"parent":824,"menu_order":0,"comment_status":"closed","ping_status":"closed","template":"","meta":{"footnotes":""},"class_list":["post-6411","page","type-page","status-publish","hentry"],"_links":{"self":[{"href":"https:\/\/www.folkehjaelp.dk\/en\/wp-json\/wp\/v2\/pages\/6411","targetHints":{"allow":["GET"]}}],"collection":[{"href":"https:\/\/www.folkehjaelp.dk\/en\/wp-json\/wp\/v2\/pages"}],"about":[{"href":"https:\/\/www.folkehjaelp.dk\/en\/wp-json\/wp\/v2\/types\/page"}],"author":[{"embeddable":true,"href":"https:\/\/www.folkehjaelp.dk\/en\/wp-json\/wp\/v2\/users\/2"}],"replies":[{"embeddable":true,"href":"https:\/\/www.folkehjaelp.dk\/en\/wp-json\/wp\/v2\/comments?post=6411"}],"version-history":[{"count":8,"href":"https:\/\/www.folkehjaelp.dk\/en\/wp-json\/wp\/v2\/pages\/6411\/revisions"}],"predecessor-version":[{"id":6665,"href":"https:\/\/www.folkehjaelp.dk\/en\/wp-json\/wp\/v2\/pages\/6411\/revisions\/6665"}],"up":[{"embeddable":true,"href":"https:\/\/www.folkehjaelp.dk\/en\/wp-json\/wp\/v2\/pages\/824"}],"wp:attachment":[{"href":"https:\/\/www.folkehjaelp.dk\/en\/wp-json\/wp\/v2\/media?parent=6411"}],"curies":[{"name":"wp","href":"https:\/\/api.w.org\/{rel}","templated":true}]}}