{"id":6670,"date":"2026-03-04T09:48:20","date_gmt":"2026-03-04T09:48:20","guid":{"rendered":"https:\/\/www.folkehjaelp.dk\/?page_id=6670"},"modified":"2026-03-05T08:28:27","modified_gmt":"2026-03-05T08:28:27","slug":"stot_generel","status":"publish","type":"page","link":"https:\/\/www.folkehjaelp.dk\/en\/stot_generel\/","title":{"rendered":"St\u00f8t Dansk Folkehj\u00e6lp"},"content":{"rendered":"\t\t<div data-elementor-type=\"wp-page\" data-elementor-id=\"6670\" class=\"elementor elementor-6670\" data-elementor-post-type=\"page\">\n\t\t\t\t<div class=\"elementor-element elementor-element-d0dd756 e-flex e-con-boxed elementor-invisible e-con e-parent\" data-id=\"d0dd756\" data-element_type=\"container\" data-e-type=\"container\" data-settings=\"{&quot;jet_parallax_layout_list&quot;:[],&quot;animation&quot;:&quot;fadeIn&quot;}\">\n\t\t\t\t\t<div class=\"e-con-inner\">\n\t\t<div class=\"elementor-element elementor-element-1f8d1dc e-con-full e-flex e-con e-child\" data-id=\"1f8d1dc\" data-element_type=\"container\" data-e-type=\"container\" data-settings=\"{&quot;jet_parallax_layout_list&quot;:[]}\">\n\t\t<div class=\"elementor-element elementor-element-418bb21 e-con-full elementor-hidden-mobile e-flex e-con e-child\" data-id=\"418bb21\" data-element_type=\"container\" data-e-type=\"container\" data-settings=\"{&quot;background_background&quot;:&quot;classic&quot;,&quot;jet_parallax_layout_list&quot;:[]}\">\n\t\t\t\t<\/div>\n\t\t<div class=\"elementor-element elementor-element-00bb1a3 e-con-full e-flex e-con e-child\" data-id=\"00bb1a3\" data-element_type=\"container\" data-e-type=\"container\" data-settings=\"{&quot;jet_parallax_layout_list&quot;:[]}\">\n\t\t\t\t<div class=\"elementor-element elementor-element-3c1f170 elementor-hidden-mobile elementor-widget elementor-widget-heading\" data-id=\"3c1f170\" data-element_type=\"widget\" data-e-type=\"widget\" data-widget_type=\"heading.default\">\n\t\t\t\t\t<h2 class=\"elementor-heading-title elementor-size-default\">Hj\u00e6lp b\u00f8rn og voksne i <br> udsatte livspositioner<\/h2>\t\t\t\t<\/div>\n\t\t\t\t<div class=\"elementor-element elementor-element-01fd478 elementor-hidden-mobile elementor-widget elementor-widget-text-editor\" data-id=\"01fd478\" data-element_type=\"widget\" data-e-type=\"widget\" data-widget_type=\"text-editor.default\">\n\t\t\t\t\t\t\t\t\t<p>Dansk Folkehj\u00e6lp har hjulpet mennesker, der lever i udsatte livspositioner siden 1907. I dag giver vi bl.a. h\u00e5ndsr\u00e6kninger til \u00f8konomisk tr\u00e6ngte b\u00f8rnefamilier, s\u00e5 de f.eks. kan opleve en sommerferie sammen, f\u00e5 en god jul med mad og julegaver og en uforglemmelig f\u00f8rste skoledag med nyt skoleudstyr. I 2025 fik 15.267 danske b\u00f8rnefamilier direkte st\u00f8tte fra Dansk Folkehj\u00e6lp.<\/p><p><strong>N\u00e5r du st\u00f8tter Dansk Folkehj\u00e6lp, er du med til at give h\u00e5b og tryghed til dem, der har allermest brug for det.<\/strong><\/p><p>Du kan v\u00e6lge at st\u00f8tte med et engangsbel\u00f8b eller med et fast m\u00e5nedligt bidrag.<\/p>\t\t\t\t\t\t\t\t<\/div>\n\t\t\t\t<\/div>\n\t\t\t\t<\/div>\n\t\t<div class=\"elementor-element elementor-element-c40d900 e-con-full e-flex e-con e-child\" data-id=\"c40d900\" data-element_type=\"container\" data-e-type=\"container\" data-settings=\"{&quot;jet_parallax_layout_list&quot;:[]}\">\n\t\t\t\t<div class=\"elementor-element elementor-element-16b1a02 elementor-invisible elementor-widget elementor-widget-text-editor\" data-id=\"16b1a02\" data-element_type=\"widget\" data-e-type=\"widget\" data-settings=\"{&quot;_animation&quot;:&quot;fadeIn&quot;}\" data-widget_type=\"text-editor.default\">\n\t\t\t\t\t\t\t\t\t<div id=\"fund\" data-of=\"da.onlinefundraising.dk\/danskfolkehjaelp\" data-form=\"5\"><\/div><script type=\"text\/javascript\">var e = document.getElementById(\"fund\"); if (null !== e){var s = document.createElement(\"script\"), x = document.getElementsByTagName(\"script\")[0]; s.type = \"text\/javascript\", s.async = !0, s.src = \"https:\/\/onlinefundraising.dk\/js\/3.8\/iframe.js\", x.parentNode.insertBefore(s, x)}<\/script>\t\t\t\t\t\t\t\t<\/div>\n\t\t\t\t<\/div>\n\t\t\t\t\t<\/div>\n\t\t\t\t<\/div>\n\t\t\t\t<\/div>\n\t\t","protected":false},"excerpt":{"rendered":"<p>Hj\u00e6lp b\u00f8rn og voksne i udsatte livspositioner Dansk Folkehj\u00e6lp har hjulpet mennesker, der lever i udsatte livspositioner siden 1907. I dag giver vi bl.a. h\u00e5ndsr\u00e6kninger til \u00f8konomisk tr\u00e6ngte b\u00f8rnefamilier, s\u00e5 de f.eks. kan opleve en sommerferie sammen, f\u00e5 en god jul med mad og julegaver og en uforglemmelig f\u00f8rste skoledag med nyt skoleudstyr. I 2025 [&hellip;]<\/p>\n","protected":false},"author":2,"featured_media":0,"parent":0,"menu_order":0,"comment_status":"closed","ping_status":"closed","template":"","meta":{"footnotes":""},"class_list":["post-6670","page","type-page","status-publish","hentry"],"_links":{"self":[{"href":"https:\/\/www.folkehjaelp.dk\/en\/wp-json\/wp\/v2\/pages\/6670","targetHints":{"allow":["GET"]}}],"collection":[{"href":"https:\/\/www.folkehjaelp.dk\/en\/wp-json\/wp\/v2\/pages"}],"about":[{"href":"https:\/\/www.folkehjaelp.dk\/en\/wp-json\/wp\/v2\/types\/page"}],"author":[{"embeddable":true,"href":"https:\/\/www.folkehjaelp.dk\/en\/wp-json\/wp\/v2\/users\/2"}],"replies":[{"embeddable":true,"href":"https:\/\/www.folkehjaelp.dk\/en\/wp-json\/wp\/v2\/comments?post=6670"}],"version-history":[{"count":26,"href":"https:\/\/www.folkehjaelp.dk\/en\/wp-json\/wp\/v2\/pages\/6670\/revisions"}],"predecessor-version":[{"id":6704,"href":"https:\/\/www.folkehjaelp.dk\/en\/wp-json\/wp\/v2\/pages\/6670\/revisions\/6704"}],"wp:attachment":[{"href":"https:\/\/www.folkehjaelp.dk\/en\/wp-json\/wp\/v2\/media?parent=6670"}],"curies":[{"name":"wp","href":"https:\/\/api.w.org\/{rel}","templated":true}]}}