{"id":6757,"date":"2026-04-13T07:48:57","date_gmt":"2026-04-13T07:48:57","guid":{"rendered":"https:\/\/www.folkehjaelp.dk\/?page_id=6757"},"modified":"2026-04-27T09:11:03","modified_gmt":"2026-04-27T09:11:03","slug":"bliv_medlem","status":"publish","type":"page","link":"https:\/\/www.folkehjaelp.dk\/en\/bliv_medlem\/","title":{"rendered":"bliv_medlem"},"content":{"rendered":"\t\t<div data-elementor-type=\"wp-page\" data-elementor-id=\"6757\" class=\"elementor elementor-6757\" data-elementor-post-type=\"page\">\n\t\t\t\t<div class=\"elementor-element elementor-element-5cdbb58 elementor-hidden-mobile e-flex e-con-boxed elementor-invisible e-con e-parent\" data-id=\"5cdbb58\" data-element_type=\"container\" data-e-type=\"container\" data-settings=\"{&quot;jet_parallax_layout_list&quot;:[],&quot;animation&quot;:&quot;fadeIn&quot;}\">\n\t\t\t\t\t<div class=\"e-con-inner\">\n\t\t<div class=\"elementor-element elementor-element-ce8f059 e-con-full e-flex e-con e-child\" data-id=\"ce8f059\" data-element_type=\"container\" data-e-type=\"container\" data-settings=\"{&quot;background_background&quot;:&quot;classic&quot;,&quot;jet_parallax_layout_list&quot;:[]}\">\n\t\t\t\t<div class=\"elementor-element elementor-element-c888589 elementor-invisible elementor-widget elementor-widget-heading\" data-id=\"c888589\" data-element_type=\"widget\" data-e-type=\"widget\" data-settings=\"{&quot;_animation&quot;:&quot;fadeIn&quot;}\" data-widget_type=\"heading.default\">\n\t\t\t\t\t<h2 class=\"elementor-heading-title elementor-size-default\">Tilmeld dig via formularen<\/h2>\t\t\t\t<\/div>\n\t\t\t\t<div class=\"elementor-element elementor-element-fdf1ebf elementor-invisible elementor-widget elementor-widget-text-editor\" data-id=\"fdf1ebf\" data-element_type=\"widget\" data-e-type=\"widget\" data-settings=\"{&quot;_animation&quot;:&quot;fadeIn&quot;}\" data-widget_type=\"text-editor.default\">\n\t\t\t\t\t\t\t\t\t<p>Bliv medlem af<\/p><p>Dansk Folkehj\u00e6lp<\/p>\t\t\t\t\t\t\t\t<\/div>\n\t\t\t\t<\/div>\n\t\t<div class=\"elementor-element elementor-element-12b0fe4 e-con-full e-flex e-con e-child\" data-id=\"12b0fe4\" data-element_type=\"container\" data-e-type=\"container\" data-settings=\"{&quot;background_background&quot;:&quot;classic&quot;,&quot;jet_parallax_layout_list&quot;:[]}\">\n\t\t\t\t<\/div>\n\t\t\t\t\t<\/div>\n\t\t\t\t<\/div>\n\t\t<div class=\"elementor-element elementor-element-4251a86 e-flex e-con-boxed elementor-invisible e-con e-parent\" data-id=\"4251a86\" data-element_type=\"container\" data-e-type=\"container\" data-settings=\"{&quot;jet_parallax_layout_list&quot;:[],&quot;animation&quot;:&quot;fadeIn&quot;}\">\n\t\t\t\t\t<div class=\"e-con-inner\">\n\t\t<div class=\"elementor-element elementor-element-353292f e-con-full e-flex e-con e-child\" data-id=\"353292f\" data-element_type=\"container\" data-e-type=\"container\" data-settings=\"{&quot;jet_parallax_layout_list&quot;:[]}\">\n\t\t\t\t<div class=\"elementor-element elementor-element-82f4fd2 elementor-invisible elementor-widget elementor-widget-text-editor\" data-id=\"82f4fd2\" data-element_type=\"widget\" data-e-type=\"widget\" data-settings=\"{&quot;_animation&quot;:&quot;fadeIn&quot;}\" data-widget_type=\"text-editor.default\">\n\t\t\t\t\t\t\t\t\t<p>som medlem er du med til..<\/p>\t\t\t\t\t\t\t\t<\/div>\n\t\t\t\t<div class=\"elementor-element elementor-element-b6b4139 elementor-invisible elementor-widget elementor-widget-text-editor\" data-id=\"b6b4139\" data-element_type=\"widget\" data-e-type=\"widget\" data-settings=\"{&quot;_animation&quot;:&quot;fadeIn&quot;}\" data-widget_type=\"text-editor.default\">\n\t\t\t\t\t\t\t\t\t<ul><li>At g\u00f8re en forskel for mennesker i udsatte livspositioner<\/li><li>At f\u00e5 indflydelse p\u00e5 Dansk Folkehj\u00e6lps arbejde i dit n\u00e6romr\u00e5de samt udviklingen af organisationen<\/li><li>At m\u00f8de andre, der br\u00e6nder for samme sag<\/li><li>At blive en del af et socialt f\u00e6llesskab, hvor der skabes gode relationer til \u00f8vrige frivillige<\/li><li>At udfordre dig selv p\u00e5 det personlige og faglige plan<\/li><li>At v\u00e6re en del af de mange aktiviteter, som Dansk Folkehj\u00e6lp driver i og uden for Danmark<\/li><\/ul><p><strong>Bem\u00e6rk, at det koster 150 kr. om \u00e5ret at v\u00e6re med medlem.<\/strong><\/p>\t\t\t\t\t\t\t\t<\/div>\n\t\t\t\t<\/div>\n\t\t<div class=\"elementor-element elementor-element-70f9a5c e-con-full e-flex e-con e-child\" data-id=\"70f9a5c\" data-element_type=\"container\" data-e-type=\"container\" data-settings=\"{&quot;jet_parallax_layout_list&quot;:[],&quot;background_background&quot;:&quot;classic&quot;}\">\n\t\t\t\t<div class=\"elementor-element elementor-element-77d1047 elementor-widget elementor-widget-text-editor\" data-id=\"77d1047\" data-element_type=\"widget\" data-e-type=\"widget\" data-widget_type=\"text-editor.default\">\n\t\t\t\t\t\t\t\t\t<p>registr\u00e9r dig som medlem via formularen. bem\u00e6rk, at du f\u00f8rst betaler kontingent for indev\u00e6rende \u00e5r. Herefter bliver du bedt om at oprette en fast betalingsaftale.\u00a0<\/p>\t\t\t\t\t\t\t\t<\/div>\n\t\t\t\t<div class=\"elementor-element elementor-element-425dea9 elementor-invisible elementor-widget elementor-widget-text-editor\" data-id=\"425dea9\" data-element_type=\"widget\" data-e-type=\"widget\" data-settings=\"{&quot;_animation&quot;:&quot;fadeIn&quot;}\" data-widget_type=\"text-editor.default\">\n\t\t\t\t\t\t\t\t\t<div id=\"fund\" data-of=\"da.onlinefundraising.dk\/danskfolkehjaelp\" data-form=\"9\">\u00a0<\/div><p><script type=\"text\/javascript\">var e = document.getElementById(\"fund\"); if (null !== e){var s = document.createElement(\"script\"), x = document.getElementsByTagName(\"script\")[0]; s.type = \"text\/javascript\", s.async = !0, s.src = \"https:\/\/onlinefundraising.dk\/js\/3.8\/iframe.js\", x.parentNode.insertBefore(s, x)}<\/script><\/p>\t\t\t\t\t\t\t\t<\/div>\n\t\t\t\t<\/div>\n\t\t\t\t\t<\/div>\n\t\t\t\t<\/div>\n\t\t\t\t<\/div>\n\t\t","protected":false},"excerpt":{"rendered":"<p>Tilmeld dig via formularen Bliv medlem af Dansk Folkehj\u00e6lp som medlem er du med til.. At g\u00f8re en forskel for mennesker i udsatte livspositioner At f\u00e5 indflydelse p\u00e5 Dansk Folkehj\u00e6lps arbejde i dit n\u00e6romr\u00e5de samt udviklingen af organisationen At m\u00f8de andre, der br\u00e6nder for samme sag At blive en del af et socialt f\u00e6llesskab, hvor [&hellip;]<\/p>\n","protected":false},"author":2,"featured_media":0,"parent":0,"menu_order":0,"comment_status":"closed","ping_status":"closed","template":"","meta":{"footnotes":""},"class_list":["post-6757","page","type-page","status-publish","hentry"],"_links":{"self":[{"href":"https:\/\/www.folkehjaelp.dk\/en\/wp-json\/wp\/v2\/pages\/6757","targetHints":{"allow":["GET"]}}],"collection":[{"href":"https:\/\/www.folkehjaelp.dk\/en\/wp-json\/wp\/v2\/pages"}],"about":[{"href":"https:\/\/www.folkehjaelp.dk\/en\/wp-json\/wp\/v2\/types\/page"}],"author":[{"embeddable":true,"href":"https:\/\/www.folkehjaelp.dk\/en\/wp-json\/wp\/v2\/users\/2"}],"replies":[{"embeddable":true,"href":"https:\/\/www.folkehjaelp.dk\/en\/wp-json\/wp\/v2\/comments?post=6757"}],"version-history":[{"count":20,"href":"https:\/\/www.folkehjaelp.dk\/en\/wp-json\/wp\/v2\/pages\/6757\/revisions"}],"predecessor-version":[{"id":6859,"href":"https:\/\/www.folkehjaelp.dk\/en\/wp-json\/wp\/v2\/pages\/6757\/revisions\/6859"}],"wp:attachment":[{"href":"https:\/\/www.folkehjaelp.dk\/en\/wp-json\/wp\/v2\/media?parent=6757"}],"curies":[{"name":"wp","href":"https:\/\/api.w.org\/{rel}","templated":true}]}}