{"id":741,"date":"2025-09-03T08:19:44","date_gmt":"2025-09-03T08:19:44","guid":{"rendered":"https:\/\/www.folkehjaelp.dk\/cvm25\/?page_id=741"},"modified":"2025-10-01T17:11:35","modified_gmt":"2025-10-01T17:11:35","slug":"folkehjaelpen-i-verden","status":"publish","type":"page","link":"https:\/\/www.folkehjaelp.dk\/en\/folkehjaelpen-i-verden\/","title":{"rendered":"People&#039;s Aid in the World"},"content":{"rendered":"<div data-elementor-type=\"wp-page\" data-elementor-id=\"741\" class=\"elementor elementor-741\" data-elementor-post-type=\"page\">\n\t\t\t\t<div class=\"elementor-element elementor-element-aa1c847 elementor-hidden-mobile e-flex e-con-boxed e-con e-parent\" data-id=\"aa1c847\" data-element_type=\"container\" data-e-type=\"container\" data-settings=\"{&quot;jet_parallax_layout_list&quot;:[]}\">\n\t\t\t\t\t<div class=\"e-con-inner\">\n\t\t<div class=\"elementor-element elementor-element-6a3ce36 e-con-full e-flex e-con e-child\" data-id=\"6a3ce36\" data-element_type=\"container\" data-e-type=\"container\" data-settings=\"{&quot;jet_parallax_layout_list&quot;:[]}\">\n\t\t<div class=\"elementor-element elementor-element-b99875b e-con-full e-flex e-con e-child\" data-id=\"b99875b\" data-element_type=\"container\" data-e-type=\"container\" data-settings=\"{&quot;background_background&quot;:&quot;classic&quot;,&quot;jet_parallax_layout_list&quot;:[]}\">\n\t\t\t\t<div class=\"elementor-element elementor-element-69d8057 elementor-invisible elementor-widget elementor-widget-heading\" data-id=\"69d8057\" data-element_type=\"widget\" data-e-type=\"widget\" data-settings=\"{&quot;_animation&quot;:&quot;fadeIn&quot;}\" data-widget_type=\"heading.default\">\n\t\t\t\t\t<h2 class=\"elementor-heading-title elementor-size-default\">PEOPLE&#039;S AID IN THE WORLD<\/h2>\t\t\t\t<\/div>\n\t\t\t\t<div class=\"elementor-element elementor-element-70d7614 elementor-invisible elementor-widget elementor-widget-text-editor\" data-id=\"70d7614\" data-element_type=\"widget\" data-e-type=\"widget\" data-settings=\"{&quot;_animation&quot;:&quot;fadeIn&quot;}\" data-widget_type=\"text-editor.default\">\n\t\t\t\t\t\t\t\t\t<p>We provide emergency relief and create development in the world&#039;s hotspots<\/p>\t\t\t\t\t\t\t\t<\/div>\n\t\t\t\t<div class=\"elementor-element elementor-element-6414ecf elementor-invisible elementor-widget elementor-widget-button\" data-id=\"6414ecf\" data-element_type=\"widget\" data-e-type=\"widget\" data-settings=\"{&quot;_animation&quot;:&quot;fadeIn&quot;}\" data-widget_type=\"button.default\">\n\t\t\t\t\t\t\t\t\t\t<a class=\"elementor-button elementor-button-link elementor-size-sm elementor-animation-grow\" href=\"#\">\n\t\t\t\t\t\t<span class=\"elementor-button-content-wrapper\">\n\t\t\t\t\t\t\t\t\t<span class=\"elementor-button-text\">GIVE YOUR SUPPORT<\/span>\n\t\t\t\t\t<\/span>\n\t\t\t\t\t<\/a>\n\t\t\t\t\t\t\t\t<\/div>\n\t\t\t\t<\/div>\n\t\t<div class=\"elementor-element elementor-element-b161974 e-con-full e-flex e-con e-child\" data-id=\"b161974\" data-element_type=\"container\" data-e-type=\"container\" data-settings=\"{&quot;background_background&quot;:&quot;classic&quot;,&quot;jet_parallax_layout_list&quot;:[]}\">\n\t\t\t\t<\/div>\n\t\t\t\t<\/div>\n\t\t\t\t\t<\/div>\n\t\t\t\t<\/div>\n\t\t<div class=\"elementor-element elementor-element-dc6bfb4 elementor-hidden-desktop elementor-hidden-tablet e-flex e-con-boxed e-con e-parent\" data-id=\"dc6bfb4\" data-element_type=\"container\" data-e-type=\"container\" data-settings=\"{&quot;jet_parallax_layout_list&quot;:[],&quot;animation_mobile&quot;:&quot;fadeIn&quot;}\">\n\t\t\t\t\t<div class=\"e-con-inner\">\n\t\t<div class=\"elementor-element elementor-element-8d645ac e-con-full e-flex e-con e-child\" data-id=\"8d645ac\" data-element_type=\"container\" data-e-type=\"container\" data-settings=\"{&quot;jet_parallax_layout_list&quot;:[]}\">\n\t\t<div class=\"elementor-element elementor-element-974a118 e-con-full animated-fast e-flex e-con e-child\" data-id=\"974a118\" data-element_type=\"container\" data-e-type=\"container\" data-settings=\"{&quot;background_background&quot;:&quot;classic&quot;,&quot;jet_parallax_layout_list&quot;:[],&quot;animation&quot;:&quot;none&quot;}\">\n\t\t<div class=\"elementor-element elementor-element-7c16fec e-con-full e-flex e-con e-child\" data-id=\"7c16fec\" data-element_type=\"container\" data-e-type=\"container\" data-settings=\"{&quot;jet_parallax_layout_list&quot;:[]}\">\n\t\t\t\t<div class=\"elementor-element elementor-element-40cf995 animated-slow elementor-invisible elementor-widget elementor-widget-heading\" data-id=\"40cf995\" data-element_type=\"widget\" data-e-type=\"widget\" data-settings=\"{&quot;_animation&quot;:&quot;fadeIn&quot;}\" data-widget_type=\"heading.default\">\n\t\t\t\t\t<h4 class=\"elementor-heading-title elementor-size-default\">humanitarian aid in the world<\/h4>\t\t\t\t<\/div>\n\t\t\t\t<div class=\"elementor-element elementor-element-2f3d082 elementor-widget elementor-widget-heading\" data-id=\"2f3d082\" data-element_type=\"widget\" data-e-type=\"widget\" data-widget_type=\"heading.default\">\n\t\t\t\t\t<h2 class=\"elementor-heading-title elementor-size-default\">We provide emergency aid and create development<\/h2>\t\t\t\t<\/div>\n\t\t\t\t<div class=\"elementor-element elementor-element-d1a9957 elementor-mobile-align-center elementor-invisible elementor-widget elementor-widget-button\" data-id=\"d1a9957\" data-element_type=\"widget\" data-e-type=\"widget\" data-settings=\"{&quot;_animation&quot;:&quot;fadeIn&quot;}\" data-widget_type=\"button.default\">\n\t\t\t\t\t\t\t\t\t\t<a class=\"elementor-button elementor-size-sm elementor-animation-grow\" role=\"button\">\n\t\t\t\t\t\t<span class=\"elementor-button-content-wrapper\">\n\t\t\t\t\t\t\t\t\t<span class=\"elementor-button-text\">give your support<\/span>\n\t\t\t\t\t<\/span>\n\t\t\t\t\t<\/a>\n\t\t\t\t\t\t\t\t<\/div>\n\t\t\t\t<\/div>\n\t\t\t\t<\/div>\n\t\t\t\t<\/div>\n\t\t\t\t\t<\/div>\n\t\t\t\t<\/div>\n\t\t<div class=\"elementor-element elementor-element-9a9e3b7 e-flex e-con-boxed e-con e-parent\" data-id=\"9a9e3b7\" data-element_type=\"container\" data-e-type=\"container\" data-settings=\"{&quot;jet_parallax_layout_list&quot;:[]}\">\n\t\t\t\t\t<div class=\"e-con-inner\">\n\t\t<div class=\"elementor-element elementor-element-febf7d0 e-con-full e-flex e-con e-child\" data-id=\"febf7d0\" data-element_type=\"container\" data-e-type=\"container\" data-settings=\"{&quot;jet_parallax_layout_list&quot;:[]}\">\n\t\t\t\t<div class=\"elementor-element elementor-element-8ec31fd elementor-invisible elementor-widget elementor-widget-text-editor\" data-id=\"8ec31fd\" data-element_type=\"widget\" data-e-type=\"widget\" data-settings=\"{&quot;_animation&quot;:&quot;fadeIn&quot;}\" data-widget_type=\"text-editor.default\">\n\t\t\t\t\t\t\t\t\t<p>between crisis and development<\/p>\t\t\t\t\t\t\t\t<\/div>\n\t\t\t\t<\/div>\n\t\t<div class=\"elementor-element elementor-element-06ffb6e e-con-full e-flex elementor-invisible e-con e-child\" data-id=\"06ffb6e\" data-element_type=\"container\" data-e-type=\"container\" data-settings=\"{&quot;jet_parallax_layout_list&quot;:[],&quot;background_background&quot;:&quot;classic&quot;,&quot;animation&quot;:&quot;fadeIn&quot;}\">\n\t\t\t\t<div class=\"elementor-element elementor-element-473cd59 elementor-widget elementor-widget-text-editor\" data-id=\"473cd59\" data-element_type=\"widget\" data-e-type=\"widget\" data-widget_type=\"text-editor.default\">\n\t\t\t\t\t\t\t\t\t<div class=\"fl-col fl-node-j7i8nuxkyp6d fl-col-bg-none fl-col-small\" data-node=\"j7i8nuxkyp6d\"><div class=\"fl-col-content fl-node-content\"><div class=\"fl-module fl-module-rich-text fl-node-um2ea1xojnib\" data-node=\"um2ea1xojnib\"><div class=\"fl-module-content fl-node-content\"><div class=\"fl-rich-text\"><p>Famine in northern Uganda, drought in Somalia and war in Ukraine. When disaster strikes, quick and well-considered action is needed. In addition to direct emergency aid, Danish People&#039;s Aid contributes to greater resilience among the population, which enables them to move forward in life.<\/p><p>We develop services and systems so that everyone can have clean water and proper toilet facilities.<\/p><\/div><\/div><\/div><\/div><\/div><div class=\"fl-col fl-node-ldt491qfyszh fl-col-bg-none fl-col-small\" data-node=\"ldt491qfyszh\"><div class=\"fl-col-content fl-node-content\"><div class=\"fl-module fl-module-rich-text fl-node-wdpqktav4x3o\" data-node=\"wdpqktav4x3o\"><div class=\"fl-module-content fl-node-content\"><div class=\"fl-rich-text\"><p>The population must be involved in the decisions. This not only creates a stronger basis for decision-making, but also ownership, sustainability and resilience against future crises. In this way, there is\u00a0<em>nexus<\/em>\u00a0\u2013 a bridge \u2013 between Danish People&#039;s Aid&#039;s efforts around the world.<\/p><\/div><\/div><\/div><\/div><\/div>\t\t\t\t\t\t\t\t<\/div>\n\t\t\t\t<\/div>\n\t\t\t\t\t<\/div>\n\t\t\t\t<\/div>\n\t\t<div class=\"elementor-element elementor-element-37d9f69 e-flex e-con-boxed elementor-invisible e-con e-parent\" data-id=\"37d9f69\" data-element_type=\"container\" data-e-type=\"container\" data-settings=\"{&quot;jet_parallax_layout_list&quot;:[],&quot;animation&quot;:&quot;fadeIn&quot;}\">\n\t\t\t\t\t<div class=\"e-con-inner\">\n\t\t\t\t<div class=\"elementor-element elementor-element-04a1804 elementor-widget-divider--view-line elementor-widget elementor-widget-divider\" data-id=\"04a1804\" data-element_type=\"widget\" data-e-type=\"widget\" data-widget_type=\"divider.default\">\n\t\t\t\t\t\t\t<div class=\"elementor-divider\">\n\t\t\t<span class=\"elementor-divider-separator\">\n\t\t\t\t\t\t<\/span>\n\t\t<\/div>\n\t\t\t\t\t\t<\/div>\n\t\t\t\t\t<\/div>\n\t\t\t\t<\/div>\n\t\t<div class=\"elementor-element elementor-element-c7947f8 e-flex e-con-boxed elementor-invisible e-con e-parent\" data-id=\"c7947f8\" data-element_type=\"container\" data-e-type=\"container\" data-settings=\"{&quot;jet_parallax_layout_list&quot;:[],&quot;animation&quot;:&quot;fadeIn&quot;}\">\n\t\t\t\t\t<div class=\"e-con-inner\">\n\t\t\t\t<div class=\"elementor-element elementor-element-bc6b5a1 elementor-widget elementor-widget-heading\" data-id=\"bc6b5a1\" data-element_type=\"widget\" data-e-type=\"widget\" data-widget_type=\"heading.default\">\n\t\t\t\t\t<h4 class=\"elementor-heading-title elementor-size-default\">Here we make a difference<\/h4>\t\t\t\t<\/div>\n\t\t\t\t\t<\/div>\n\t\t\t\t<\/div>\n\t\t<div class=\"elementor-element elementor-element-167b273 e-flex e-con-boxed elementor-invisible e-con e-parent\" data-id=\"167b273\" data-element_type=\"container\" data-e-type=\"container\" data-settings=\"{&quot;jet_parallax_layout_list&quot;:[],&quot;animation&quot;:&quot;fadeIn&quot;}\">\n\t\t\t\t\t<div class=\"e-con-inner\">\n\t\t<a class=\"elementor-element elementor-element-d69fde7 e-con-full e-flex e-con e-child\" data-id=\"d69fde7\" data-element_type=\"container\" data-e-type=\"container\" data-settings=\"{&quot;jet_parallax_layout_list&quot;:[],&quot;background_background&quot;:&quot;classic&quot;}\" href=\"https:\/\/www.folkehjaelp.dk\/en\/folkehjaelpen-i-verden\/ukraine\/\">\n\t\t\t\t<div class=\"elementor-element elementor-element-04a24d8 elementor-widget elementor-widget-heading\" data-id=\"04a24d8\" data-element_type=\"widget\" data-e-type=\"widget\" data-widget_type=\"heading.default\">\n\t\t\t\t\t<h2 class=\"elementor-heading-title elementor-size-default\">UKRAINE<\/h2>\t\t\t\t<\/div>\n\t\t\t\t<\/a>\n\t\t<a class=\"elementor-element elementor-element-c1afab1 e-con-full e-flex e-con e-child\" data-id=\"c1afab1\" data-element_type=\"container\" data-e-type=\"container\" data-settings=\"{&quot;jet_parallax_layout_list&quot;:[],&quot;background_background&quot;:&quot;classic&quot;}\" href=\"https:\/\/www.folkehjaelp.dk\/en\/folkehjaelpen-i-verden\/afrika\/\">\n\t\t\t\t<div class=\"elementor-element elementor-element-bbed4d2 elementor-widget elementor-widget-heading\" data-id=\"bbed4d2\" data-element_type=\"widget\" data-e-type=\"widget\" data-widget_type=\"heading.default\">\n\t\t\t\t\t<h2 class=\"elementor-heading-title elementor-size-default\">AFRICA<\/h2>\t\t\t\t<\/div>\n\t\t\t\t<\/a>\n\t\t<a class=\"elementor-element elementor-element-6751cd2 e-con-full e-flex e-con e-child\" data-id=\"6751cd2\" data-element_type=\"container\" data-e-type=\"container\" data-settings=\"{&quot;jet_parallax_layout_list&quot;:[],&quot;background_background&quot;:&quot;classic&quot;}\" href=\"https:\/\/www.folkehjaelp.dk\/en\/folkehjaelpen-i-verden\/afghanistan\/\">\n\t\t\t\t<div class=\"elementor-element elementor-element-a8284e8 elementor-widget elementor-widget-heading\" data-id=\"a8284e8\" data-element_type=\"widget\" data-e-type=\"widget\" data-widget_type=\"heading.default\">\n\t\t\t\t\t<h2 class=\"elementor-heading-title elementor-size-default\">Afghanistan<\/h2>\t\t\t\t<\/div>\n\t\t\t\t<\/a>\n\t\t\t\t\t<\/div>\n\t\t\t\t<\/div>\n\t\t<div class=\"elementor-element elementor-element-b4db902 e-flex e-con-boxed e-con e-parent\" data-id=\"b4db902\" data-element_type=\"container\" data-e-type=\"container\" data-settings=\"{&quot;jet_parallax_layout_list&quot;:[]}\">\n\t\t\t\t\t<div class=\"e-con-inner\">\n\t\t\t\t<div class=\"elementor-element elementor-element-4564e73 elementor-widget-divider--view-line elementor-widget elementor-widget-divider\" data-id=\"4564e73\" data-element_type=\"widget\" data-e-type=\"widget\" data-widget_type=\"divider.default\">\n\t\t\t\t\t\t\t<div class=\"elementor-divider\">\n\t\t\t<span class=\"elementor-divider-separator\">\n\t\t\t\t\t\t<\/span>\n\t\t<\/div>\n\t\t\t\t\t\t<\/div>\n\t\t\t\t\t<\/div>\n\t\t\t\t<\/div>\n\t\t<div class=\"elementor-element elementor-element-13d090e e-flex e-con-boxed e-con e-parent\" data-id=\"13d090e\" data-element_type=\"container\" data-e-type=\"container\" data-settings=\"{&quot;jet_parallax_layout_list&quot;:[],&quot;animation_mobile&quot;:&quot;fadeIn&quot;}\">\n\t\t\t\t\t<div class=\"e-con-inner\">\n\t\t<div class=\"elementor-element elementor-element-5b7620e e-con-full e-flex e-con e-child\" data-id=\"5b7620e\" data-element_type=\"container\" data-e-type=\"container\" data-settings=\"{&quot;jet_parallax_layout_list&quot;:[]}\">\n\t\t\t\t<div class=\"elementor-element elementor-element-1dc292a elementor-hidden-mobile elementor-widget elementor-widget-image\" data-id=\"1dc292a\" data-element_type=\"widget\" data-e-type=\"widget\" data-widget_type=\"image.default\">\n\t\t\t\t\t\t\t\t\t\t\t\t\t\t\t<img fetchpriority=\"high\" decoding=\"async\" width=\"800\" height=\"534\" src=\"https:\/\/www.folkehjaelp.dk\/cvm25\/wp-content\/uploads\/2025\/09\/dreng_somalia-1024x683.jpg\" class=\"attachment-large size-large wp-image-1052\" alt=\"\" srcset=\"https:\/\/www.folkehjaelp.dk\/cvm25\/wp-content\/uploads\/2025\/09\/dreng_somalia-1024x683.jpg 1024w, https:\/\/www.folkehjaelp.dk\/cvm25\/wp-content\/uploads\/2025\/09\/dreng_somalia-300x200.jpg 300w, https:\/\/www.folkehjaelp.dk\/cvm25\/wp-content\/uploads\/2025\/09\/dreng_somalia-768x512.jpg 768w, https:\/\/www.folkehjaelp.dk\/cvm25\/wp-content\/uploads\/2025\/09\/dreng_somalia-1536x1024.jpg 1536w, https:\/\/www.folkehjaelp.dk\/cvm25\/wp-content\/uploads\/2025\/09\/dreng_somalia.jpg 1800w\" sizes=\"(max-width: 800px) 100vw, 800px\" \/>\t\t\t\t\t\t\t\t\t\t\t\t\t\t\t<\/div>\n\t\t\t\t<\/div>\n\t\t<div class=\"elementor-element elementor-element-7e4d180 e-con-full e-flex e-con e-child\" data-id=\"7e4d180\" data-element_type=\"container\" data-e-type=\"container\" data-settings=\"{&quot;jet_parallax_layout_list&quot;:[]}\">\n\t\t\t\t<div class=\"elementor-element elementor-element-82c81e2 animated-slow elementor-invisible elementor-widget elementor-widget-heading\" data-id=\"82c81e2\" data-element_type=\"widget\" data-e-type=\"widget\" data-settings=\"{&quot;_animation&quot;:&quot;fadeIn&quot;}\" data-widget_type=\"heading.default\">\n\t\t\t\t\t<h2 class=\"elementor-heading-title elementor-size-default\">DANISH PEOPLE&#039;S AID IN SOMALIA<\/h2>\t\t\t\t<\/div>\n\t\t\t\t<div class=\"elementor-element elementor-element-a4f256b animated-slow elementor-invisible elementor-widget elementor-widget-heading\" data-id=\"a4f256b\" data-element_type=\"widget\" data-e-type=\"widget\" data-settings=\"{&quot;_animation&quot;:&quot;fadeIn&quot;}\" data-widget_type=\"heading.default\">\n\t\t\t\t\t<h1 class=\"elementor-heading-title elementor-size-default\">Clean water for Hassan and <br> his friends <\/h1>\t\t\t\t<\/div>\n\t\t\t\t<div class=\"elementor-element elementor-element-9464cd6 elementor-invisible elementor-widget elementor-widget-text-editor\" data-id=\"9464cd6\" data-element_type=\"widget\" data-e-type=\"widget\" data-settings=\"{&quot;_animation&quot;:&quot;fadeIn&quot;}\" data-widget_type=\"text-editor.default\">\n\t\t\t\t\t\t\t\t\t<p class=\"p1\">12-year-old Hassan has fled his home in southern Somalia because of war and now lives with his mother in the Jawli camp for internally displaced people. Everything is lacking here for the thousands of displaced people. Even water. But together with the local organization KAALO, Danish People&#039;s Aid has established water stations in the camp, thus ensuring children and adults have access to clean drinking water.<\/p>\t\t\t\t\t\t\t\t<\/div>\n\t\t\t\t<\/div>\n\t\t\t\t\t<\/div>\n\t\t\t\t<\/div>\n\t\t<div class=\"elementor-element elementor-element-0a2837e e-flex e-con-boxed e-con e-parent\" data-id=\"0a2837e\" data-element_type=\"container\" data-e-type=\"container\" data-settings=\"{&quot;jet_parallax_layout_list&quot;:[]}\">\n\t\t\t\t\t<div class=\"e-con-inner\">\n\t\t\t\t<div class=\"elementor-element elementor-element-3efaa7a elementor-hidden-desktop elementor-hidden-tablet elementor-widget elementor-widget-image\" data-id=\"3efaa7a\" data-element_type=\"widget\" data-e-type=\"widget\" data-widget_type=\"image.default\">\n\t\t\t\t\t\t\t\t\t\t\t\t\t\t\t<img fetchpriority=\"high\" decoding=\"async\" width=\"800\" height=\"534\" src=\"https:\/\/www.folkehjaelp.dk\/cvm25\/wp-content\/uploads\/2025\/09\/dreng_somalia-1024x683.jpg\" class=\"attachment-large size-large wp-image-1052\" alt=\"\" srcset=\"https:\/\/www.folkehjaelp.dk\/cvm25\/wp-content\/uploads\/2025\/09\/dreng_somalia-1024x683.jpg 1024w, https:\/\/www.folkehjaelp.dk\/cvm25\/wp-content\/uploads\/2025\/09\/dreng_somalia-300x200.jpg 300w, https:\/\/www.folkehjaelp.dk\/cvm25\/wp-content\/uploads\/2025\/09\/dreng_somalia-768x512.jpg 768w, https:\/\/www.folkehjaelp.dk\/cvm25\/wp-content\/uploads\/2025\/09\/dreng_somalia-1536x1024.jpg 1536w, https:\/\/www.folkehjaelp.dk\/cvm25\/wp-content\/uploads\/2025\/09\/dreng_somalia.jpg 1800w\" sizes=\"(max-width: 800px) 100vw, 800px\" \/>\t\t\t\t\t\t\t\t\t\t\t\t\t\t\t<\/div>\n\t\t\t\t\t<\/div>\n\t\t\t\t<\/div>\n\t\t\t\t<\/div>","protected":false},"excerpt":{"rendered":"<p>FOLKEHJ\u00c6LPEN I VERDEN Vi giver n\u00f8dhj\u00e6lp og skaber udvikling i verdens br\u00e6ndpunkter GIV DIN ST\u00d8TTE folkehj\u00e6lpen i verden Vi giver n\u00f8dhj\u00e6lp og skaber udvikling giv din st\u00f8tte mellem krise og udvikling Hungersn\u00f8d i det nordlige Uganda, t\u00f8rke i Somalia og krig i Ukraine. N\u00e5r katastrofen rammer, skal der handles hurtigt og velovervejet. Ud over den [&hellip;]<\/p>\n","protected":false},"author":2,"featured_media":0,"parent":0,"menu_order":0,"comment_status":"closed","ping_status":"closed","template":"","meta":{"footnotes":""},"class_list":["post-741","page","type-page","status-publish","hentry"],"_links":{"self":[{"href":"https:\/\/www.folkehjaelp.dk\/en\/wp-json\/wp\/v2\/pages\/741","targetHints":{"allow":["GET"]}}],"collection":[{"href":"https:\/\/www.folkehjaelp.dk\/en\/wp-json\/wp\/v2\/pages"}],"about":[{"href":"https:\/\/www.folkehjaelp.dk\/en\/wp-json\/wp\/v2\/types\/page"}],"author":[{"embeddable":true,"href":"https:\/\/www.folkehjaelp.dk\/en\/wp-json\/wp\/v2\/users\/2"}],"replies":[{"embeddable":true,"href":"https:\/\/www.folkehjaelp.dk\/en\/wp-json\/wp\/v2\/comments?post=741"}],"version-history":[{"count":109,"href":"https:\/\/www.folkehjaelp.dk\/en\/wp-json\/wp\/v2\/pages\/741\/revisions"}],"predecessor-version":[{"id":4451,"href":"https:\/\/www.folkehjaelp.dk\/en\/wp-json\/wp\/v2\/pages\/741\/revisions\/4451"}],"wp:attachment":[{"href":"https:\/\/www.folkehjaelp.dk\/en\/wp-json\/wp\/v2\/media?parent=741"}],"curies":[{"name":"wp","href":"https:\/\/api.w.org\/{rel}","templated":true}]}}